{"id":19631,"date":"2025-08-08T16:16:55","date_gmt":"2025-08-08T14:16:55","guid":{"rendered":"https:\/\/kdhome.pl\/unsere-produkte\/scheibenwischer\/in-einer-rolle\/"},"modified":"2025-12-31T06:26:24","modified_gmt":"2025-12-31T05:26:24","slug":"in-einer-rolle","status":"publish","type":"page","link":"https:\/\/kdhome.pl\/de\/unsere-produkte\/scheibenwischer\/in-einer-rolle\/","title":{"rendered":"In einer Rolle"},"content":{"rendered":"<!-- hero-banner-subpage-section -->\n\t\t<section id=\"\" class=\"hero-banner-subpage-section\">\n\t\t\t<div\n\t\t\t\tclass=\"\n\t\t\t\t\trelative\n\t\t\t\t\tmin-w-full \n\t\t\t\t\tmax-w-full \n\t\t\t\t\tw-full\n\t\t\t\t\toverflow-hidden\n\t\t\t\t\"\n\t\t\t>\n\t\t\t\t<div \n\t\t\t\t\tclass=\"\n\t\t\t\t\t\trelative \n\t\t\t\t\t\tflex \n\t\t\t\t\t\tflex-col\n\t\t\t\t\t\titems-center\n\t\t\t\t\t\tjustify-center\n\t\t\t\t\t\t\t\t\t\t\t\t\t\tmin-h-[80rem]\n\t\t\t\t\t\t\t\tmax-h-[80rem]\n\t\t\t\t\t\t\t\th-[80rem] \n\t\t\t\t\t\t\t\t\t\t\t\tpy-[16.3rem]\n\t\t\t\t\t\tz-[1]\n\t\t\t\t\t\"\n\t\t\t\t>\n\t\t\t\t\t<div \n\t\t\t\t\t\tclass=\"\n\t\t\t\t\t\t\tabsolute\n\t\t\t\t\t\t\ttop-0\n\t\t\t\t\t\t\tleft-0\n\t\t\t\t\t\t\tmin-w-full\n\t\t\t\t\t\t\tmax-w-full\n\t\t\t\t\t\t\tw-full\n\t\t\t\t\t\t\tmin-h-full\n\t\t\t\t\t\t\tmax-h-full\n\t\t\t\t\t\t\th-full\n\t\t\t\t\t\t\tobject-center\n\t\t\t\t\t\t\tobject-cover\n\t\t\t\t\t\t\tz-[-1]\n\t\t\t\t\t\t\tbefore:absolute\n\t\t\t\t\t\t\tbefore:inset-0\n\t\t\t\t\t\t\tbefore:bg-black\n\t\t\t\t\t\t\tbefore:bg-opacity-30\n\t\t\t\t\t\t\tbefore:z-[1]\n\t\t\t\t\t\t\"\n\t\t\t\t\t>\n\t\t\t\t\t\t<img loading=\"lazy\" decoding=\"async\" width=\"2048\" height=\"1368\" src=\"https:\/\/kdhome.pl\/wp-content\/uploads\/2025\/08\/DSC00161-2048x1368.jpg\" class=\"\n\t\t\t\t\t\t\t\t\t\tblock\n\t\t\t\t\t\t\t\t\t\tmin-w-full\n\t\t\t\t\t\t\t\t\t\tmax-w-full\n\t\t\t\t\t\t\t\t\t\tw-full\n\t\t\t\t\t\t\t\t\t\tmin-h-full\n\t\t\t\t\t\t\t\t\t\tmax-h-full\n\t\t\t\t\t\t\t\t\t\th-full\n\t\t\t\t\t\t\t\t\t\tobject-center\n\t\t\t\t\t\t\t\t\t\tobject-cover\n\t\t\t\t\t\t\t\t\t\" alt=\"\" srcset=\"https:\/\/kdhome.pl\/wp-content\/uploads\/2025\/08\/DSC00161-2048x1368.jpg 2048w, https:\/\/kdhome.pl\/wp-content\/uploads\/2025\/08\/DSC00161-300x200.jpg 300w, https:\/\/kdhome.pl\/wp-content\/uploads\/2025\/08\/DSC00161-1024x684.jpg 1024w, https:\/\/kdhome.pl\/wp-content\/uploads\/2025\/08\/DSC00161-768x513.jpg 768w, https:\/\/kdhome.pl\/wp-content\/uploads\/2025\/08\/DSC00161-1536x1026.jpg 1536w, https:\/\/kdhome.pl\/wp-content\/uploads\/2025\/08\/DSC00161-600x401.jpg 600w\" sizes=\"auto, (max-width: 2048px) 100vw, 2048px\" \/>\t\t\t\t\t<\/div>\n\t\t\t\t\t<h1 class=\"relative text-white text-[5rem] lg:text-[10rem] font-extrabold leading-[1.1718] text-center uppercase overflow-hidden\">\n\t\t\t\t\t\tIn einer Rolle\t\t\t\t\t<\/h1>\n\t\t\t\t<\/div>\n\t\t\t\t\t\t\t\t\t\t<!-- Breadcrumbs -->\n\t\t\t\t\t\t<div \n\t\t\t\t\t\t\tclass=\"\n\t\t\t\t\t\t\t\tbreadcrumbs-wrapper\n\t\t\t\t\t\t\t\tabsolute\n\t\t\t\t\t\t\t\tbottom-0\n\t\t\t\t\t\t\t\tleft-0\n\t\t\t\t\t\t\t\tpy-[3.6rem]\n\t\t\t\t\t\t\t\tpx-[3.5rem]\n\t\t\t\t\t\t\t\tlg:px-[8.7rem]\n\t\t\t\t\t\t\t\tz-[1]\n\t\t\t\t\t\t\t\"\n\t\t\t\t\t\t>\n\t\t\t\t\t\t\t<span><span><a href=\"https:\/\/kdhome.pl\/de\/\">KD HOME<\/a><\/span><\/span>\t\t\t\t\t\t<\/div>\n\t\t\t\t\t\t\t<\/div>\t\n\t\t<\/section><!-- cta-w-shop-section -->\n\t\t<section \n\t\t\tid=\"\" \n\t\t\tclass=\"cta-w-shop-section\"\n\t\t>\n\t\t\t<div \n\t\t\t\tclass=\"\n\t\t\t\t\tflex \n\t\t\t\t\tflex-col \n\t\t\t\t\tpy-[4.5rem]\n\t\t\t\t\tlg:py-[6.4rem] \n\t\t\t\t\toverflow-hidden\n\t\t\t\t\"\n\t\t\t>\n\t\t\t\t<div class=\"container\">\n\t\t\t\t\t<div \n\t\t\t\t\t\tclass=\"\n\t\t\t\t\t\t\tflex \n\t\t\t\t\t\t\tflex-col \n\t\t\t\t\t\t\tlg:flex-row \n\t\t\t\t\t\t\tgap-[4.5rem] \n\t\t\t\t\t\t\tlg:gap-0 \n\t\t\t\t\t\t\tlg:-mx-[2.5rem]\n\t\t\t\t\t\t\"\n\t\t\t\t\t>\n\t\t\t\t\t\t\t\t\t\t\t\t\t\t<!-- Image block -->\n\t\t\t\t\t\t\t\t<div \n\t\t\t\t\t\t\t\t\tclass=\"\n\t\t\t\t\t\t\t\t\t\torder-1 \n\t\t\t\t\t\t\t\t\t\tlg:order-2 \n\t\t\t\t\t\t\t\t\t\tlg:min-w-[33.33333333%]\n\t\t\t\t\t\t\t\t\t\tlg:max-w-[33.33333333%]\n\t\t\t\t\t\t\t\t\t\tlg:w-[33.33333333%]\n\t\t\t\t\t\t\t\t\t\taspect-square\n\t\t\t\t\t\t\t\t\t\tlg:aspect-auto\n\t\t\t\t\t\t\t\t\t\tlg:px-[2.5rem]\n\t\t\t\t\t\t\t\t\t\"\n\t\t\t\t\t\t\t\t>\n\t\t\t\t\t\t\t\t\t<div class=\"relative flex flex-col h-full overflow-hidden\">\n\t\t\t\t\t\t\t\t\t\t<img loading=\"lazy\" decoding=\"async\" width=\"768\" height=\"513\" src=\"https:\/\/kdhome.pl\/wp-content\/uploads\/2025\/08\/kdhome_pastylka_wrolce_packshot-1-768x513.jpg\" class=\" \n\t\t\t\t\t\t\t\t\t\t\t\t\t\tabsolute\n\t\t\t\t\t\t\t\t\t\t\t\t\t\ttop-0\n\t\t\t\t\t\t\t\t\t\t\t\t\t\tleft-0\n\t\t\t\t\t\t\t\t\t\t\t\t\t\tblock\n\t\t\t\t\t\t\t\t\t\t\t\t\t\tmin-w-full\n\t\t\t\t\t\t\t\t\t\t\t\t\t\tmax-w-full\n\t\t\t\t\t\t\t\t\t\t\t\t\t\tw-full\n\t\t\t\t\t\t\t\t\t\t\t\t\t\tmin-h-full\n\t\t\t\t\t\t\t\t\t\t\t\t\t\tmax-h-full\n\t\t\t\t\t\t\t\t\t\t\t\t\t\th-full\n\t\t\t\t\t\t\t\t\t\t\t\t\t\tobject-center\n\t\t\t\t\t\t\t\t\t\t\t\t\t\tobject-cover\n\t\t\t\t\t\t\t\t\t\t\t\t\t\" alt=\"\" srcset=\"https:\/\/kdhome.pl\/wp-content\/uploads\/2025\/08\/kdhome_pastylka_wrolce_packshot-1-768x513.jpg 768w, https:\/\/kdhome.pl\/wp-content\/uploads\/2025\/08\/kdhome_pastylka_wrolce_packshot-1-300x201.jpg 300w, https:\/\/kdhome.pl\/wp-content\/uploads\/2025\/08\/kdhome_pastylka_wrolce_packshot-1-1024x685.jpg 1024w, https:\/\/kdhome.pl\/wp-content\/uploads\/2025\/08\/kdhome_pastylka_wrolce_packshot-1-600x401.jpg 600w, https:\/\/kdhome.pl\/wp-content\/uploads\/2025\/08\/kdhome_pastylka_wrolce_packshot-1-rotated.jpg 1484w\" sizes=\"auto, (max-width: 768px) 100vw, 768px\" \/>\t\t\t\t\t\t\t\t\t<\/div>\n\t\t\t\t\t\t\t\t<\/div>\n\t\t\t\t\t\t\t\t\t\t\t\t<!-- Image block -->\n\t\t\t\t\t\t<div \n\t\t\t\t\t\t\tclass=\"\n\t\t\t\t\t\t\t\torder-1 \n\t\t\t\t\t\t\t\tlg:order-2 \n\t\t\t\t\t\t\t\t\n\t\t\t\t\t\t\t\t\t\t\tlg:min-w-[33.33333333%]\n\t\t\t\t\t\t\t\t\t\t\tlg:max-w-[33.33333333%]\n\t\t\t\t\t\t\t\t\t\t\tlg:w-[33.33333333%]\n\t\t\t\t\t\t\t\t\t\t\tml-auto\n\t\t\t\t\t\t\t\t\t\t\t\t\t\t\t\t\t\taspect-square\n\t\t\t\t\t\t\t\tlg:aspect-auto\n\t\t\t\t\t\t\t\tlg:px-[2.5rem]\n\t\t\t\t\t\t\t\"\n\t\t\t\t\t\t>\n\t\t\t\t\t\t\t<div class=\"relative flex flex-col h-full overflow-hidden\">\n\t\t\t\t\t\t\t\t<img loading=\"lazy\" decoding=\"async\" width=\"768\" height=\"513\" src=\"https:\/\/kdhome.pl\/wp-content\/uploads\/2025\/08\/DSC00175-768x513.jpg\" class=\" \n\t\t\t\t\t\t\t\t\t\t\t\tabsolute\n\t\t\t\t\t\t\t\t\t\t\t\ttop-0\n\t\t\t\t\t\t\t\t\t\t\t\tleft-0\n\t\t\t\t\t\t\t\t\t\t\t\tblock\n\t\t\t\t\t\t\t\t\t\t\t\tmin-w-full\n\t\t\t\t\t\t\t\t\t\t\t\tmax-w-full\n\t\t\t\t\t\t\t\t\t\t\t\tw-full\n\t\t\t\t\t\t\t\t\t\t\t\tmin-h-full\n\t\t\t\t\t\t\t\t\t\t\t\tmax-h-full\n\t\t\t\t\t\t\t\t\t\t\t\th-full\n\t\t\t\t\t\t\t\t\t\t\t\tobject-center\n\t\t\t\t\t\t\t\t\t\t\t\tobject-cover\n\t\t\t\t\t\t\t\t\t\t\t\" alt=\"\" srcset=\"https:\/\/kdhome.pl\/wp-content\/uploads\/2025\/08\/DSC00175-768x513.jpg 768w, https:\/\/kdhome.pl\/wp-content\/uploads\/2025\/08\/DSC00175-300x200.jpg 300w, https:\/\/kdhome.pl\/wp-content\/uploads\/2025\/08\/DSC00175-1024x684.jpg 1024w, https:\/\/kdhome.pl\/wp-content\/uploads\/2025\/08\/DSC00175-1536x1026.jpg 1536w, https:\/\/kdhome.pl\/wp-content\/uploads\/2025\/08\/DSC00175-2048x1368.jpg 2048w, https:\/\/kdhome.pl\/wp-content\/uploads\/2025\/08\/DSC00175-600x401.jpg 600w\" sizes=\"auto, (max-width: 768px) 100vw, 768px\" \/>\t\t\t\t\t\t\t<\/div>\n\t\t\t\t\t\t<\/div>\n\t\t\t\t\t\t<!-- Shop block -->\n\t\t\t\t\t\t<div \n\t\t\t\t\t\t\tclass=\"\n\t\t\t\t\t\t\t\torder-3 \n\t\t\t\t\t\t\t\tlg:min-w-[33.33333333%]\n\t\t\t\t\t\t\t\tlg:max-w-[33.33333333%]\n\t\t\t\t\t\t\t\tlg:w-[33.33333333%]\n\t\t\t\t\t\t\t\tlg:px-[2.5rem]\n\t\t\t\t\t\t\t\"\n\t\t\t\t\t\t>\n\t\t\t\t\t\t\t<!-- Content -->\n\t\t\t\t\t\t\t<div \n\t\t\t\t\t\t\t\tclass=\"\n\t\t\t\t\t\t\t\t\tflex \n\t\t\t\t\t\t\t\t\tflex-col\n\t\t\t\t\t\t\t\t\tmin-w-full\n\t\t\t\t\t\t\t\t\tmax-w-full\n\t\t\t\t\t\t\t\t\tw-full\n\t\t\t\t\t\t\t\t\taspect-[330\/250] \n\t\t\t\t\t\t\t\t\tlg:aspect-square \n\t\t\t\t\t\t\t\t\tbg-main-1 \n\t\t\t\t\t\t\t\t\ttext-center\n\t\t\t\t\t\t\t\t\"\n\t\t\t\t\t\t\t>\n\t\t\t\t\t\t\t\t\t\t\t\t\t\t\t\t\t\t<a \n\t\t\t\t\t\t\t\t\t\t\thref=\"https:\/\/kdhome.pl\/de\/b2b-shop\/\"\n\t\t\t\t\t\t\t\t\t\t\ttarget=\"_self\"\n\t\t\t\t\t\t\t\t\t\t\tclass=\"flex flex-col items-center justify-center gap-[2.1rem] min-h-full max-h-full h-full p-[4.6rem] lg:transition-color lg:duration-150 lg:hover:text-main-2 lg:focus-visible:text-main-2\"\n\t\t\t\t\t\t\t\t\t\t>\n\t\t\t\t\t\t\t\t\t\t\t<span \n\t\t\t\t\t\t\t\t\t\t\t\tclass=\"flex flex-col items-center justify-center min-w-full max-w-full w-full bg-white bg-opacity-85 px-[1.2rem] py-[1.8rem]\"\n\t\t\t\t\t\t\t\t\t\t\t>\n\t\t\t\t\t\t\t\t\t\t\t\t<h3 class=\"text-body-size 2xl:h3\">\n\t\t\t\t\t\t\t\t\t\t\t\t\tB2B-Shop\t\t\t\t\t\t\t\t\t\t\t\t<\/h3>\n\t\t\t\t\t\t\t\t\t\t\t<\/span>\n\t\t\t\t\t\t\t\t\t\t\t<p \n\t\t\t\t\t\t\t\t\t\t\t\tclass=\"btn btn-iconic text-white text-[1.6rem] max-w-max pr-[2.4rem] after:bg-main-2 after:rotate-180\"\n\t\t\t\t\t\t\t\t\t\t\t>\n\t\t\t\t\t\t\t\t\t\t\t\tSehen Sie sich das gesamte Sortiment an\t\t\t\t\t\t\t\t\t\t\t<\/p>\n\t\t\t\t\t\t\t\t\t\t<\/a>\n\t\t\t\t\t\t\t\t\t\t\t\t\t\t\t<\/div>\n\t\t\t\t\t\t<\/div>\n\t\t\t\t\t<\/div>\n\t\t\t\t<\/div>\n\t\t\t<\/div>\n\t\t<\/section><!-- cta-4-section -->\n\t\t<section \n\t\t\tid=\"\" \n\t\t\tclass=\"cta-4-section\"\n\t\t>\n\t\t\t<div \n\t\t\t\tclass=\"\n\t\t\t\t\tflex \n\t\t\t\t\tflex-col \n\t\t\t\t\tpy-[4.5rem]\n\t\t\t\t\tlg:py-[6.4rem] \n\t\t\t\t\toverflow-hidden\n\t\t\t\t\"\n\t\t\t>\n\t\t\t\t<div class=\"container\">\n\t\t\t\t\t<div class=\"flex flex-col gap-[2.1rem] lg:gap-[4.7rem]\">\n\t\t\t\t\t\t\t\t\t\t\t\t<div \n\t\t\t\t\t\t\tclass=\"\n\t\t\t\t\t\t\t\trelative \n\t\t\t\t\t\t\t\tflex \n\t\t\t\t\t\t\t\tflex-col \n\t\t\t\t\t\t\t\tlg:flex-row \n\t\t\t\t\t\t\t\tlg:items-center\n\t\t\t\t\t\t\t\tlg:min-h-[37rem]\n\t\t\t\t\t\t\t\tlg:pr-[27.20588235%]\t\t\t\t\t\t\t\tlg:pt-[2.9rem]\n\t\t\t\t\t\t\t\tlg:pb-[2.8rem]\n\t\t\t\t\t\t\t\tz-[1]\n\t\t\t\t\t\t\t\"\n\t\t\t\t\t\t>\n\t\t\t\t\t\t\t<!-- Content -->\n\t\t\t\t\t\t\t<div \n\t\t\t\t\t\t\t\tclass=\"\n\t\t\t\t\t\t\t\t\torder-2\n\t\t\t\t\t\t\t\t\tlg:order-1\n\t\t\t\t\t\t\t\t\tflex \n\t\t\t\t\t\t\t\t\tflex-col \n\t\t\t\t\t\t\t\t\tgap-[2.3rem]\n\t\t\t\t\t\t\t\t\tlg:gap-[4.8rem]\n\t\t\t\t\t\t\t\t\tmin-w-[calc(100%_-_4.2rem)]\n\t\t\t\t\t\t\t\t\tmax-w-[calc(100%_-_4.2rem)]\n\t\t\t\t\t\t\t\t\tw-[calc(100%_-_4.2rem)]\n\t\t\t\t\t\t\t\t\t\n\t\t\t\t\t\t\t\t\t\t\t\tlg:min-w-full\n\t\t\t\t\t\t\t\t\t\t\t\tlg:max-w-full\n\t\t\t\t\t\t\t\t\t\t\t\tlg:w-full\n\t\t\t\t\t\t\t\t\t\t\t\t\t\t\t\t\t\t\t\tmax-h-max\n\t\t\t\t\t\t\t\t\th-max\n\t\t\t\t\t\t\t\t\tbg-white \n\t\t\t\t\t\t\t\t\tbg-opacity-80\n\t\t\t\t\t\t\t\t\tp-[2.3rem_2.5rem_2.6rem] \n\t\t\t\t\t\t\t\t\tlg:p-[5rem_6.3rem_4.4rem_5.2rem] \n\t\t\t\t\t\t\t\t\tmx-auto\n\t\t\t\t\t\t\t\t\t-mt-[4.5rem]\n\t\t\t\t\t\t\t\t\tlg:mx-0\n\t\t\t\t\t\t\t\t\tlg:mt-0\n\t\t\t\t\t\t\t\t\tz-[1]\n\t\t\t\t\t\t\t\t\"\n\t\t\t\t\t\t\t>\n\t\t\t\t\t\t\t\t\t\t\t\t\t\t\t\t\t\t<h2>\n\t\t\t\t\t\t\t\t\t\t\tEine praktische L\u00f6sung pro Meter\t\t\t\t\t\t\t\t\t\t<\/h2>\n\t\t\t\t\t\t\t\t\t\t\t\t\t\t\t\t\t\t\t\t\t\t\t\t\t\t<p>\n\t\t\t\t\t\t\t\t\t\t\tUnser Angebot umfasst eine gro\u00dfe Auswahl an Fu\u00dfmatten und Rollmatten, die sich perfekt f\u00fcr Bereiche eignen, in denen Langlebigkeit, Funktionalit\u00e4t und \u00c4sthetik gefragt sind. Es sind sowohl Matten aus 100% Gummi als auch Fu\u00dfmatten mit einer Unterseite aus Gummi oder PVC und einer Oberseite aus Polypropylen erh\u00e4ltlich. Dank ihrer gro\u00dfen Oberfl\u00e4che und der M\u00f6glichkeit, sie individuell zuzuschneiden, sind Rollenware eine hervorragende L\u00f6sung f\u00fcr Eing\u00e4nge in \u00f6ffentlichen Geb\u00e4uden, Gesch\u00e4ften, B\u00fcros, Lagerhallen und Durchg\u00e4ngen.\t\t\t\t\t\t\t\t\t\t<\/p>\n\t\t\t\t\t\t\t\t\t\t\t\t\t\t\t<\/div>\n\t\t\t\t\t\t\t<!-- Image -->\n\t\t\t\t\t\t\t<div \n\t\t\t\t\t\t\t\tclass=\"\n\t\t\t\t\t\t\t\t\torder-1\n\t\t\t\t\t\t\t\t\tlg:order-2\n\t\t\t\t\t\t\t\t\tflex\n\t\t\t\t\t\t\t\t\tmin-w-full\n\t\t\t\t\t\t\t\t\tmax-w-full\n\t\t\t\t\t\t\t\t\tw-full\n\t\t\t\t\t\t\t\t\taspect-[330\/227]\n\t\t\t\t\t\t\t\t\tlg:absolute\n\t\t\t\t\t\t\t\t\tlg:top-0\n\t\t\t\t\t\t\t\t\t\t\t\t\t\t\t\t\t\t\t\tright-0\n\t\t\t\t\t\t\t\t\t\t\t\t\t\t\t\t\t\t\n\t\t\t\t\t\t\t\t\t\t\t\tlg:min-w-[65.51470588%]\n\t\t\t\t\t\t\t\t\t\t\t\tlg:max-w-[65.51470588%]\n\t\t\t\t\t\t\t\t\t\t\t\tlg:w-[65.51470588%]\n\t\t\t\t\t\t\t\t\t\t\t\t\t\t\t\t\t\t\t\tlg:min-h-full\n\t\t\t\t\t\t\t\t\tlg:max-h-full\n\t\t\t\t\t\t\t\t\tlg:h-full\n\t\t\t\t\t\t\t\t\tlg:aspect-[initial]\n\t\t\t\t\t\t\t\t\tlg:z-[-1]\n\t\t\t\t\t\t\t\t\"\n\t\t\t\t\t\t\t>\n\t\t\t\t\t\t\t\t<img loading=\"lazy\" decoding=\"async\" width=\"768\" height=\"513\" src=\"https:\/\/kdhome.pl\/wp-content\/uploads\/2025\/08\/kdhome_clin_w_rolce-768x513.jpg\" class=\" \n\t\t\t\t\t\t\t\t\t\t\t\tblock\n\t\t\t\t\t\t\t\t\t\t\t\tmin-w-full\n\t\t\t\t\t\t\t\t\t\t\t\tmax-w-full\n\t\t\t\t\t\t\t\t\t\t\t\tw-full\n\t\t\t\t\t\t\t\t\t\t\t\tmin-h-full\n\t\t\t\t\t\t\t\t\t\t\t\tmax-h-full\n\t\t\t\t\t\t\t\t\t\t\t\th-full\n\t\t\t\t\t\t\t\t\t\t\t\tobject-center\n\t\t\t\t\t\t\t\t\t\t\t\tobject-cover\n\t\t\t\t\t\t\t\t\t\t\t\ttransform\n\t\t\t\t\t\t\t\t\t\t\t\tscale-x-[-1]\n\t\t\t\t\t\t\t\t\t\t\t\" alt=\"\" srcset=\"https:\/\/kdhome.pl\/wp-content\/uploads\/2025\/08\/kdhome_clin_w_rolce-768x513.jpg 768w, https:\/\/kdhome.pl\/wp-content\/uploads\/2025\/08\/kdhome_clin_w_rolce-300x200.jpg 300w, https:\/\/kdhome.pl\/wp-content\/uploads\/2025\/08\/kdhome_clin_w_rolce-1024x684.jpg 1024w, https:\/\/kdhome.pl\/wp-content\/uploads\/2025\/08\/kdhome_clin_w_rolce-1536x1026.jpg 1536w, https:\/\/kdhome.pl\/wp-content\/uploads\/2025\/08\/kdhome_clin_w_rolce-600x401.jpg 600w, https:\/\/kdhome.pl\/wp-content\/uploads\/2025\/08\/kdhome_clin_w_rolce.jpg 1781w\" sizes=\"auto, (max-width: 768px) 100vw, 768px\" \/>\t\t\t\t\t\t\t<\/div>\n\t\t\t\t\t\t<\/div>\n\t\t\t\t\t<\/div>\n\t\t\t\t<\/div>\n\t\t\t<\/div>\n\t\t<\/section><!-- downloadables-section -->\n\t\t<section \n\t\t\tid=\"\" \n\t\t\tclass=\"downloadables-section\"\n\t\t>\n\t\t\t<div \n\t\t\t\tclass=\"\n\t\t\t\t\tflex \n\t\t\t\t\tflex-col \n\t\t\t\t\tpy-[4.5rem]\n\t\t\t\t\tlg:py-[6.4rem] \n\t\t\t\t\toverflow-hidden\n\t\t\t\t\"\n\t\t\t>\n\t\t\t\t<div class=\"container\">\n\t\t\t\t\t<div class=\"relative flex flex-col\">\n\t\t\t\t\t\t<img loading=\"lazy\" decoding=\"async\" width=\"768\" height=\"511\" src=\"https:\/\/kdhome.pl\/wp-content\/uploads\/2024\/11\/catalogues-bg-768x511.png\" class=\" \n\t\t\t\t\t\t\t\t\t\tabsolute\n\t\t\t\t\t\t\t\t\t\tblock\n\t\t\t\t\t\t\t\t\t\tmin-w-full\n\t\t\t\t\t\t\t\t\t\tmax-w-full\n\t\t\t\t\t\t\t\t\t\tw-full\n\t\t\t\t\t\t\t\t\t\tmin-h-full\n\t\t\t\t\t\t\t\t\t\tmax-h-full\n\t\t\t\t\t\t\t\t\t\th-full\n\t\t\t\t\t\t\t\t\t\tobject-center\n\t\t\t\t\t\t\t\t\t\tobject-cover\n\t\t\t\t\t\t\t\t\t\tz-[-1]\n\t\t\t\t\t\t\t\t\t\" alt=\"\" srcset=\"https:\/\/kdhome.pl\/wp-content\/uploads\/2024\/11\/catalogues-bg-768x511.png 768w, https:\/\/kdhome.pl\/wp-content\/uploads\/2024\/11\/catalogues-bg-300x200.png 300w, https:\/\/kdhome.pl\/wp-content\/uploads\/2024\/11\/catalogues-bg-1024x681.png 1024w, https:\/\/kdhome.pl\/wp-content\/uploads\/2024\/11\/catalogues-bg-600x399.png 600w, https:\/\/kdhome.pl\/wp-content\/uploads\/2024\/11\/catalogues-bg.png 1360w\" sizes=\"auto, (max-width: 768px) 100vw, 768px\" \/>\t\t\t\t\t\t<!-- Files -->\n\t\t\t\t\t\t<ul class=\"flex flex-col max-w-[94rem] w-full gap-[1.189rem] lg:gap-[2.986rem] px-[4.6rem] lg:px-0 py-[2rem] lg:py-[10rem] mx-auto\">\n\t\t\t\t\t\t\t\t\t\t\t\t\t\t\t\t<li class=\"flex flex-col lg:flex-row lg:justify-between bg-white rounded-lg\">\n\t\t\t\t\t\t\t\t\t\t<div class=\"grow flex items-center gap-[6.542rem] px-[2.285rem] lg:pr-[6.542rem] py-[1.2rem]\">\n\t\t\t\t\t\t\t\t\t\t\t<!-- Logo -->\n\t\t\t\t\t\t\t\t\t\t\t<div \n\t\t\t\t\t\t\t\t\t\t\t\tclass=\"\n\t\t\t\t\t\t\t\t\t\t\t\t\tflex\n\t\t\t\t\t\t\t\t\t\t\t\t\tw-max\n\t\t\t\t\t\t\t\t\t\t\t\t\tmin-h-[2.5rem]\n\t\t\t\t\t\t\t\t\t\t\t\t\tmax-h-[2.5rem]\n\t\t\t\t\t\t\t\t\t\t\t\t\th-[2.5rem]\n\t\t\t\t\t\t\t\t\t\t\t\t\tmx-auto\n\t\t\t\t\t\t\t\t\t\t\t\t\"\n\t\t\t\t\t\t\t\t\t\t\t>\n\t\t\t\t\t\t\t\t\t\t\t\t<img loading=\"lazy\" decoding=\"async\" width=\"164\" height=\"28\" src=\"https:\/\/kdhome.pl\/wp-content\/uploads\/2024\/11\/logo-blue.svg\" class=\" \n\t\t\t\t\t\t\t\t\t\t\t\t\t\t\t\tblock\n\t\t\t\t\t\t\t\t\t\t\t\t\t\t\t\tw-auto\n\t\t\t\t\t\t\t\t\t\t\t\t\t\t\t\tmin-h-full\n\t\t\t\t\t\t\t\t\t\t\t\t\t\t\t\tmax-h-full\n\t\t\t\t\t\t\t\t\t\t\t\t\t\t\t\th-full\n\t\t\t\t\t\t\t\t\t\t\t\t\t\t\t\tobject-center\n\t\t\t\t\t\t\t\t\t\t\t\t\t\t\t\tobject-cover\n\t\t\t\t\t\t\t\t\t\t\t\t\t\t\t\" alt=\"\" \/>\t\t\t\t\t\t\t\t\t\t\t<\/div>\n\t\t\t\t\t\t\t\t\t\t\t\t\t\t\t\t\t\t\t\t\t\t\t\t<p class=\"hidden lg:block\">Teppiche und Fu\u00dfmatten<\/p>\n\t\t\t\t\t\t\t\t\t\t\t\t\t\t\t\t\t\t\t\t\t<\/div>\n\t\t\t\t\t\t\t\t\t\t\t\t\t\t\t\t\t\t\t<\/li>\n\t\t\t\t\t\t\t\t\t\t\t\t\t\t\t\t<li class=\"flex flex-col lg:flex-row lg:justify-between bg-white rounded-lg\">\n\t\t\t\t\t\t\t\t\t\t<div class=\"grow flex items-center gap-[6.542rem] px-[2.285rem] lg:pr-[6.542rem] py-[1.2rem]\">\n\t\t\t\t\t\t\t\t\t\t\t<!-- Logo -->\n\t\t\t\t\t\t\t\t\t\t\t<div \n\t\t\t\t\t\t\t\t\t\t\t\tclass=\"\n\t\t\t\t\t\t\t\t\t\t\t\t\tflex\n\t\t\t\t\t\t\t\t\t\t\t\t\tw-max\n\t\t\t\t\t\t\t\t\t\t\t\t\tmin-h-[2.5rem]\n\t\t\t\t\t\t\t\t\t\t\t\t\tmax-h-[2.5rem]\n\t\t\t\t\t\t\t\t\t\t\t\t\th-[2.5rem]\n\t\t\t\t\t\t\t\t\t\t\t\t\tmx-auto\n\t\t\t\t\t\t\t\t\t\t\t\t\"\n\t\t\t\t\t\t\t\t\t\t\t>\n\t\t\t\t\t\t\t\t\t\t\t\t<img loading=\"lazy\" decoding=\"async\" width=\"116\" height=\"28\" src=\"https:\/\/kdhome.pl\/wp-content\/uploads\/2024\/11\/logo-krystynka-blue.svg\" class=\" \n\t\t\t\t\t\t\t\t\t\t\t\t\t\t\t\tblock\n\t\t\t\t\t\t\t\t\t\t\t\t\t\t\t\tw-auto\n\t\t\t\t\t\t\t\t\t\t\t\t\t\t\t\tmin-h-full\n\t\t\t\t\t\t\t\t\t\t\t\t\t\t\t\tmax-h-full\n\t\t\t\t\t\t\t\t\t\t\t\t\t\t\t\th-full\n\t\t\t\t\t\t\t\t\t\t\t\t\t\t\t\tobject-center\n\t\t\t\t\t\t\t\t\t\t\t\t\t\t\t\tobject-cover\n\t\t\t\t\t\t\t\t\t\t\t\t\t\t\t\" alt=\"\" \/>\t\t\t\t\t\t\t\t\t\t\t<\/div>\n\t\t\t\t\t\t\t\t\t\t\t\t\t\t\t\t\t\t\t\t\t\t\t\t<p class=\"hidden lg:block\">Steingut<\/p>\n\t\t\t\t\t\t\t\t\t\t\t\t\t\t\t\t\t\t\t\t\t<\/div>\n\t\t\t\t\t\t\t\t\t\t\t\t\t\t\t\t\t\t\t<\/li>\n\t\t\t\t\t\t\t\t\t\t\t\t\t<\/ul>\n\t\t\t\t\t<\/div>\n\t\t\t\t<\/div>\n\t\t\t<\/div>\n\t\t<\/section><p><\/p>","protected":false},"excerpt":{"rendered":"","protected":false},"author":1,"featured_media":0,"parent":19609,"menu_order":0,"comment_status":"closed","ping_status":"closed","template":"","meta":{"_acf_changed":false,"footnotes":""},"class_list":["post-19631","page","type-page","status-publish","hentry"],"acf":[],"yoast_head":"<!-- This site is optimized with the Yoast SEO plugin v25.1 - https:\/\/yoast.com\/wordpress\/plugins\/seo\/ -->\n<title>In einer Rolle - KD Home<\/title>\n<meta name=\"robots\" content=\"noindex, follow, max-snippet:-1, max-image-preview:large, max-video-preview:-1\" \/>\n<meta property=\"og:locale\" content=\"de_DE\" \/>\n<meta property=\"og:type\" content=\"article\" \/>\n<meta property=\"og:title\" content=\"In einer Rolle - KD Home\" \/>\n<meta property=\"og:url\" content=\"https:\/\/kdhome.pl\/de\/unsere-produkte\/scheibenwischer\/in-einer-rolle\/\" \/>\n<meta property=\"og:site_name\" content=\"KD Home\" \/>\n<meta property=\"article:modified_time\" content=\"2025-12-31T05:26:24+00:00\" \/>\n<meta name=\"twitter:card\" content=\"summary_large_image\" \/>\n<script type=\"application\/ld+json\" class=\"yoast-schema-graph\">{\"@context\":\"https:\/\/schema.org\",\"@graph\":[{\"@type\":\"WebPage\",\"@id\":\"https:\/\/kdhome.pl\/de\/unsere-produkte\/scheibenwischer\/in-einer-rolle\/\",\"url\":\"https:\/\/kdhome.pl\/de\/unsere-produkte\/scheibenwischer\/in-einer-rolle\/\",\"name\":\"In einer Rolle - KD Home\",\"isPartOf\":{\"@id\":\"https:\/\/kdhome.pl\/de\/#website\"},\"datePublished\":\"2025-08-08T14:16:55+00:00\",\"dateModified\":\"2025-12-31T05:26:24+00:00\",\"breadcrumb\":{\"@id\":\"https:\/\/kdhome.pl\/de\/unsere-produkte\/scheibenwischer\/in-einer-rolle\/#breadcrumb\"},\"inLanguage\":\"de\",\"potentialAction\":[{\"@type\":\"ReadAction\",\"target\":[\"https:\/\/kdhome.pl\/de\/unsere-produkte\/scheibenwischer\/in-einer-rolle\/\"]}]},{\"@type\":\"BreadcrumbList\",\"@id\":\"https:\/\/kdhome.pl\/de\/unsere-produkte\/scheibenwischer\/in-einer-rolle\/#breadcrumb\",\"itemListElement\":[{\"@type\":\"ListItem\",\"position\":1,\"name\":\"KD HOME\",\"item\":\"https:\/\/kdhome.pl\/de\/\"},{\"@type\":\"ListItem\",\"position\":2,\"name\":\"Unsere Produkte\",\"item\":\"https:\/\/kdhome.pl\/de\/unsere-produkte\/\"},{\"@type\":\"ListItem\",\"position\":3,\"name\":\"Scheibenwischer\",\"item\":\"https:\/\/kdhome.pl\/de\/unsere-produkte\/scheibenwischer\/\"},{\"@type\":\"ListItem\",\"position\":4,\"name\":\"In einer Rolle\"}]},{\"@type\":\"WebSite\",\"@id\":\"https:\/\/kdhome.pl\/de\/#website\",\"url\":\"https:\/\/kdhome.pl\/de\/\",\"name\":\"KD Home\",\"description\":\"\",\"publisher\":{\"@id\":\"https:\/\/kdhome.pl\/de\/#organization\"},\"potentialAction\":[{\"@type\":\"SearchAction\",\"target\":{\"@type\":\"EntryPoint\",\"urlTemplate\":\"https:\/\/kdhome.pl\/de\/?s={search_term_string}\"},\"query-input\":{\"@type\":\"PropertyValueSpecification\",\"valueRequired\":true,\"valueName\":\"search_term_string\"}}],\"inLanguage\":\"de\"},{\"@type\":\"Organization\",\"@id\":\"https:\/\/kdhome.pl\/de\/#organization\",\"name\":\"KD Home\",\"url\":\"https:\/\/kdhome.pl\/de\/\",\"logo\":{\"@type\":\"ImageObject\",\"inLanguage\":\"de\",\"@id\":\"https:\/\/kdhome.pl\/de\/#\/schema\/logo\/image\/\",\"url\":\"https:\/\/kdhome.pl\/wp-content\/uploads\/2024\/11\/logo.svg\",\"contentUrl\":\"https:\/\/kdhome.pl\/wp-content\/uploads\/2024\/11\/logo.svg\",\"width\":233,\"height\":40,\"caption\":\"KD Home\"},\"image\":{\"@id\":\"https:\/\/kdhome.pl\/de\/#\/schema\/logo\/image\/\"}}]}<\/script>\n<!-- \/ Yoast SEO plugin. -->","yoast_head_json":{"title":"In einer Rolle - KD Home","robots":{"index":"noindex","follow":"follow","max-snippet":"max-snippet:-1","max-image-preview":"max-image-preview:large","max-video-preview":"max-video-preview:-1"},"og_locale":"de_DE","og_type":"article","og_title":"In einer Rolle - KD Home","og_url":"https:\/\/kdhome.pl\/de\/unsere-produkte\/scheibenwischer\/in-einer-rolle\/","og_site_name":"KD Home","article_modified_time":"2025-12-31T05:26:24+00:00","twitter_card":"summary_large_image","schema":{"@context":"https:\/\/schema.org","@graph":[{"@type":"WebPage","@id":"https:\/\/kdhome.pl\/de\/unsere-produkte\/scheibenwischer\/in-einer-rolle\/","url":"https:\/\/kdhome.pl\/de\/unsere-produkte\/scheibenwischer\/in-einer-rolle\/","name":"In einer Rolle - KD Home","isPartOf":{"@id":"https:\/\/kdhome.pl\/de\/#website"},"datePublished":"2025-08-08T14:16:55+00:00","dateModified":"2025-12-31T05:26:24+00:00","breadcrumb":{"@id":"https:\/\/kdhome.pl\/de\/unsere-produkte\/scheibenwischer\/in-einer-rolle\/#breadcrumb"},"inLanguage":"de","potentialAction":[{"@type":"ReadAction","target":["https:\/\/kdhome.pl\/de\/unsere-produkte\/scheibenwischer\/in-einer-rolle\/"]}]},{"@type":"BreadcrumbList","@id":"https:\/\/kdhome.pl\/de\/unsere-produkte\/scheibenwischer\/in-einer-rolle\/#breadcrumb","itemListElement":[{"@type":"ListItem","position":1,"name":"KD HOME","item":"https:\/\/kdhome.pl\/de\/"},{"@type":"ListItem","position":2,"name":"Unsere Produkte","item":"https:\/\/kdhome.pl\/de\/unsere-produkte\/"},{"@type":"ListItem","position":3,"name":"Scheibenwischer","item":"https:\/\/kdhome.pl\/de\/unsere-produkte\/scheibenwischer\/"},{"@type":"ListItem","position":4,"name":"In einer Rolle"}]},{"@type":"WebSite","@id":"https:\/\/kdhome.pl\/de\/#website","url":"https:\/\/kdhome.pl\/de\/","name":"KD Home","description":"","publisher":{"@id":"https:\/\/kdhome.pl\/de\/#organization"},"potentialAction":[{"@type":"SearchAction","target":{"@type":"EntryPoint","urlTemplate":"https:\/\/kdhome.pl\/de\/?s={search_term_string}"},"query-input":{"@type":"PropertyValueSpecification","valueRequired":true,"valueName":"search_term_string"}}],"inLanguage":"de"},{"@type":"Organization","@id":"https:\/\/kdhome.pl\/de\/#organization","name":"KD Home","url":"https:\/\/kdhome.pl\/de\/","logo":{"@type":"ImageObject","inLanguage":"de","@id":"https:\/\/kdhome.pl\/de\/#\/schema\/logo\/image\/","url":"https:\/\/kdhome.pl\/wp-content\/uploads\/2024\/11\/logo.svg","contentUrl":"https:\/\/kdhome.pl\/wp-content\/uploads\/2024\/11\/logo.svg","width":233,"height":40,"caption":"KD Home"},"image":{"@id":"https:\/\/kdhome.pl\/de\/#\/schema\/logo\/image\/"}}]}},"_links":{"self":[{"href":"https:\/\/kdhome.pl\/de\/wp-json\/wp\/v2\/pages\/19631","targetHints":{"allow":["GET"]}}],"collection":[{"href":"https:\/\/kdhome.pl\/de\/wp-json\/wp\/v2\/pages"}],"about":[{"href":"https:\/\/kdhome.pl\/de\/wp-json\/wp\/v2\/types\/page"}],"author":[{"embeddable":true,"href":"https:\/\/kdhome.pl\/de\/wp-json\/wp\/v2\/users\/1"}],"replies":[{"embeddable":true,"href":"https:\/\/kdhome.pl\/de\/wp-json\/wp\/v2\/comments?post=19631"}],"version-history":[{"count":3,"href":"https:\/\/kdhome.pl\/de\/wp-json\/wp\/v2\/pages\/19631\/revisions"}],"predecessor-version":[{"id":19634,"href":"https:\/\/kdhome.pl\/de\/wp-json\/wp\/v2\/pages\/19631\/revisions\/19634"}],"up":[{"embeddable":true,"href":"https:\/\/kdhome.pl\/de\/wp-json\/wp\/v2\/pages\/19609"}],"wp:attachment":[{"href":"https:\/\/kdhome.pl\/de\/wp-json\/wp\/v2\/media?parent=19631"}],"curies":[{"name":"wp","href":"https:\/\/api.w.org\/{rel}","templated":true}]}}