{"id":19625,"date":"2025-08-08T14:27:15","date_gmt":"2025-08-08T12:27:15","guid":{"rendered":"https:\/\/kdhome.pl\/unsere-produkte\/scheibenwischer\/tekstylne\/"},"modified":"2025-12-31T09:35:39","modified_gmt":"2025-12-31T08:35:39","slug":"textil","status":"publish","type":"page","link":"https:\/\/kdhome.pl\/de\/unsere-produkte\/scheibenwischer\/textil\/","title":{"rendered":"Textil"},"content":{"rendered":"<!-- hero-banner-subpage-section -->\n\t\t<section id=\"\" class=\"hero-banner-subpage-section\">\n\t\t\t<div\n\t\t\t\tclass=\"\n\t\t\t\t\trelative\n\t\t\t\t\tmin-w-full \n\t\t\t\t\tmax-w-full \n\t\t\t\t\tw-full\n\t\t\t\t\toverflow-hidden\n\t\t\t\t\"\n\t\t\t>\n\t\t\t\t<div \n\t\t\t\t\tclass=\"\n\t\t\t\t\t\trelative \n\t\t\t\t\t\tflex \n\t\t\t\t\t\tflex-col\n\t\t\t\t\t\titems-center\n\t\t\t\t\t\tjustify-center\n\t\t\t\t\t\t\t\t\t\t\t\t\t\tmin-h-[80rem]\n\t\t\t\t\t\t\t\tmax-h-[80rem]\n\t\t\t\t\t\t\t\th-[80rem] \n\t\t\t\t\t\t\t\t\t\t\t\tpy-[16.3rem]\n\t\t\t\t\t\tz-[1]\n\t\t\t\t\t\"\n\t\t\t\t>\n\t\t\t\t\t<div \n\t\t\t\t\t\tclass=\"\n\t\t\t\t\t\t\tabsolute\n\t\t\t\t\t\t\ttop-0\n\t\t\t\t\t\t\tleft-0\n\t\t\t\t\t\t\tmin-w-full\n\t\t\t\t\t\t\tmax-w-full\n\t\t\t\t\t\t\tw-full\n\t\t\t\t\t\t\tmin-h-full\n\t\t\t\t\t\t\tmax-h-full\n\t\t\t\t\t\t\th-full\n\t\t\t\t\t\t\tobject-center\n\t\t\t\t\t\t\tobject-cover\n\t\t\t\t\t\t\tz-[-1]\n\t\t\t\t\t\t\tbefore:absolute\n\t\t\t\t\t\t\tbefore:inset-0\n\t\t\t\t\t\t\tbefore:bg-black\n\t\t\t\t\t\t\tbefore:bg-opacity-30\n\t\t\t\t\t\t\tbefore:z-[1]\n\t\t\t\t\t\t\"\n\t\t\t\t\t>\n\t\t\t\t\t\t<img loading=\"lazy\" decoding=\"async\" width=\"2048\" height=\"1368\" src=\"https:\/\/kdhome.pl\/wp-content\/uploads\/2025\/08\/kdhome_wycieraczki_tekstylne_packshot-2048x1368.jpg\" class=\"\n\t\t\t\t\t\t\t\t\t\tblock\n\t\t\t\t\t\t\t\t\t\tmin-w-full\n\t\t\t\t\t\t\t\t\t\tmax-w-full\n\t\t\t\t\t\t\t\t\t\tw-full\n\t\t\t\t\t\t\t\t\t\tmin-h-full\n\t\t\t\t\t\t\t\t\t\tmax-h-full\n\t\t\t\t\t\t\t\t\t\th-full\n\t\t\t\t\t\t\t\t\t\tobject-center\n\t\t\t\t\t\t\t\t\t\tobject-cover\n\t\t\t\t\t\t\t\t\t\" alt=\"\" srcset=\"https:\/\/kdhome.pl\/wp-content\/uploads\/2025\/08\/kdhome_wycieraczki_tekstylne_packshot-2048x1368.jpg 2048w, https:\/\/kdhome.pl\/wp-content\/uploads\/2025\/08\/kdhome_wycieraczki_tekstylne_packshot-300x200.jpg 300w, https:\/\/kdhome.pl\/wp-content\/uploads\/2025\/08\/kdhome_wycieraczki_tekstylne_packshot-1024x684.jpg 1024w, https:\/\/kdhome.pl\/wp-content\/uploads\/2025\/08\/kdhome_wycieraczki_tekstylne_packshot-768x513.jpg 768w, https:\/\/kdhome.pl\/wp-content\/uploads\/2025\/08\/kdhome_wycieraczki_tekstylne_packshot-1536x1026.jpg 1536w, https:\/\/kdhome.pl\/wp-content\/uploads\/2025\/08\/kdhome_wycieraczki_tekstylne_packshot-600x401.jpg 600w\" sizes=\"auto, (max-width: 2048px) 100vw, 2048px\" \/>\t\t\t\t\t<\/div>\n\t\t\t\t\t<h1 class=\"relative text-white text-[5rem] lg:text-[10rem] font-extrabold leading-[1.1718] text-center uppercase overflow-hidden\">\n\t\t\t\t\t\tTextil\t\t\t\t\t<\/h1>\n\t\t\t\t<\/div>\n\t\t\t\t\t\t\t\t\t\t<!-- Breadcrumbs -->\n\t\t\t\t\t\t<div \n\t\t\t\t\t\t\tclass=\"\n\t\t\t\t\t\t\t\tbreadcrumbs-wrapper\n\t\t\t\t\t\t\t\tabsolute\n\t\t\t\t\t\t\t\tbottom-0\n\t\t\t\t\t\t\t\tleft-0\n\t\t\t\t\t\t\t\tpy-[3.6rem]\n\t\t\t\t\t\t\t\tpx-[3.5rem]\n\t\t\t\t\t\t\t\tlg:px-[8.7rem]\n\t\t\t\t\t\t\t\tz-[1]\n\t\t\t\t\t\t\t\"\n\t\t\t\t\t\t>\n\t\t\t\t\t\t\t<span><span><a href=\"https:\/\/kdhome.pl\/de\/\">KD HOME<\/a><\/span><\/span>\t\t\t\t\t\t<\/div>\n\t\t\t\t\t\t\t<\/div>\t\n\t\t<\/section><!-- cta-w-shop-section -->\n\t\t<section \n\t\t\tid=\"\" \n\t\t\tclass=\"cta-w-shop-section\"\n\t\t>\n\t\t\t<div \n\t\t\t\tclass=\"\n\t\t\t\t\tflex \n\t\t\t\t\tflex-col \n\t\t\t\t\tpy-[4.5rem]\n\t\t\t\t\tlg:py-[6.4rem] \n\t\t\t\t\toverflow-hidden\n\t\t\t\t\"\n\t\t\t>\n\t\t\t\t<div class=\"container\">\n\t\t\t\t\t<div \n\t\t\t\t\t\tclass=\"\n\t\t\t\t\t\t\tflex \n\t\t\t\t\t\t\tflex-col \n\t\t\t\t\t\t\tlg:flex-row \n\t\t\t\t\t\t\tgap-[4.5rem] \n\t\t\t\t\t\t\tlg:gap-0 \n\t\t\t\t\t\t\tlg:-mx-[2.5rem]\n\t\t\t\t\t\t\"\n\t\t\t\t\t>\n\t\t\t\t\t\t\t\t\t\t\t\t\t\t<!-- Image block -->\n\t\t\t\t\t\t\t\t<div \n\t\t\t\t\t\t\t\t\tclass=\"\n\t\t\t\t\t\t\t\t\t\torder-1 \n\t\t\t\t\t\t\t\t\t\tlg:order-2 \n\t\t\t\t\t\t\t\t\t\tlg:min-w-[33.33333333%]\n\t\t\t\t\t\t\t\t\t\tlg:max-w-[33.33333333%]\n\t\t\t\t\t\t\t\t\t\tlg:w-[33.33333333%]\n\t\t\t\t\t\t\t\t\t\taspect-square\n\t\t\t\t\t\t\t\t\t\tlg:aspect-auto\n\t\t\t\t\t\t\t\t\t\tlg:px-[2.5rem]\n\t\t\t\t\t\t\t\t\t\"\n\t\t\t\t\t\t\t\t>\n\t\t\t\t\t\t\t\t\t<div class=\"relative flex flex-col h-full overflow-hidden\">\n\t\t\t\t\t\t\t\t\t\t<img loading=\"lazy\" decoding=\"async\" width=\"768\" height=\"513\" src=\"https:\/\/kdhome.pl\/wp-content\/uploads\/2025\/08\/kdhome_wycieraczki_clin_braz-768x513.jpg\" class=\" \n\t\t\t\t\t\t\t\t\t\t\t\t\t\tabsolute\n\t\t\t\t\t\t\t\t\t\t\t\t\t\ttop-0\n\t\t\t\t\t\t\t\t\t\t\t\t\t\tleft-0\n\t\t\t\t\t\t\t\t\t\t\t\t\t\tblock\n\t\t\t\t\t\t\t\t\t\t\t\t\t\tmin-w-full\n\t\t\t\t\t\t\t\t\t\t\t\t\t\tmax-w-full\n\t\t\t\t\t\t\t\t\t\t\t\t\t\tw-full\n\t\t\t\t\t\t\t\t\t\t\t\t\t\tmin-h-full\n\t\t\t\t\t\t\t\t\t\t\t\t\t\tmax-h-full\n\t\t\t\t\t\t\t\t\t\t\t\t\t\th-full\n\t\t\t\t\t\t\t\t\t\t\t\t\t\tobject-center\n\t\t\t\t\t\t\t\t\t\t\t\t\t\tobject-cover\n\t\t\t\t\t\t\t\t\t\t\t\t\t\" alt=\"\" srcset=\"https:\/\/kdhome.pl\/wp-content\/uploads\/2025\/08\/kdhome_wycieraczki_clin_braz-768x513.jpg 768w, https:\/\/kdhome.pl\/wp-content\/uploads\/2025\/08\/kdhome_wycieraczki_clin_braz-300x200.jpg 300w, https:\/\/kdhome.pl\/wp-content\/uploads\/2025\/08\/kdhome_wycieraczki_clin_braz-1024x684.jpg 1024w, https:\/\/kdhome.pl\/wp-content\/uploads\/2025\/08\/kdhome_wycieraczki_clin_braz-600x401.jpg 600w, https:\/\/kdhome.pl\/wp-content\/uploads\/2025\/08\/kdhome_wycieraczki_clin_braz.jpg 1442w\" sizes=\"auto, (max-width: 768px) 100vw, 768px\" \/>\t\t\t\t\t\t\t\t\t<\/div>\n\t\t\t\t\t\t\t\t<\/div>\n\t\t\t\t\t\t\t\t\t\t\t\t<!-- Image block -->\n\t\t\t\t\t\t<div \n\t\t\t\t\t\t\tclass=\"\n\t\t\t\t\t\t\t\torder-1 \n\t\t\t\t\t\t\t\tlg:order-2 \n\t\t\t\t\t\t\t\t\n\t\t\t\t\t\t\t\t\t\t\tlg:min-w-[33.33333333%]\n\t\t\t\t\t\t\t\t\t\t\tlg:max-w-[33.33333333%]\n\t\t\t\t\t\t\t\t\t\t\tlg:w-[33.33333333%]\n\t\t\t\t\t\t\t\t\t\t\tml-auto\n\t\t\t\t\t\t\t\t\t\t\t\t\t\t\t\t\t\taspect-square\n\t\t\t\t\t\t\t\tlg:aspect-auto\n\t\t\t\t\t\t\t\tlg:px-[2.5rem]\n\t\t\t\t\t\t\t\"\n\t\t\t\t\t\t>\n\t\t\t\t\t\t\t<div class=\"relative flex flex-col h-full overflow-hidden\">\n\t\t\t\t\t\t\t\t<img loading=\"lazy\" decoding=\"async\" width=\"768\" height=\"513\" src=\"https:\/\/kdhome.pl\/wp-content\/uploads\/2025\/08\/DSC0006-768x513.jpg\" class=\" \n\t\t\t\t\t\t\t\t\t\t\t\tabsolute\n\t\t\t\t\t\t\t\t\t\t\t\ttop-0\n\t\t\t\t\t\t\t\t\t\t\t\tleft-0\n\t\t\t\t\t\t\t\t\t\t\t\tblock\n\t\t\t\t\t\t\t\t\t\t\t\tmin-w-full\n\t\t\t\t\t\t\t\t\t\t\t\tmax-w-full\n\t\t\t\t\t\t\t\t\t\t\t\tw-full\n\t\t\t\t\t\t\t\t\t\t\t\tmin-h-full\n\t\t\t\t\t\t\t\t\t\t\t\tmax-h-full\n\t\t\t\t\t\t\t\t\t\t\t\th-full\n\t\t\t\t\t\t\t\t\t\t\t\tobject-center\n\t\t\t\t\t\t\t\t\t\t\t\tobject-cover\n\t\t\t\t\t\t\t\t\t\t\t\" alt=\"\" srcset=\"https:\/\/kdhome.pl\/wp-content\/uploads\/2025\/08\/DSC0006-768x513.jpg 768w, https:\/\/kdhome.pl\/wp-content\/uploads\/2025\/08\/DSC0006-300x200.jpg 300w, https:\/\/kdhome.pl\/wp-content\/uploads\/2025\/08\/DSC0006-1024x684.jpg 1024w, https:\/\/kdhome.pl\/wp-content\/uploads\/2025\/08\/DSC0006-1536x1026.jpg 1536w, https:\/\/kdhome.pl\/wp-content\/uploads\/2025\/08\/DSC0006-600x401.jpg 600w, https:\/\/kdhome.pl\/wp-content\/uploads\/2025\/08\/DSC0006.jpg 1730w\" sizes=\"auto, (max-width: 768px) 100vw, 768px\" \/>\t\t\t\t\t\t\t<\/div>\n\t\t\t\t\t\t<\/div>\n\t\t\t\t\t\t<!-- Shop block -->\n\t\t\t\t\t\t<div \n\t\t\t\t\t\t\tclass=\"\n\t\t\t\t\t\t\t\torder-3 \n\t\t\t\t\t\t\t\tlg:min-w-[33.33333333%]\n\t\t\t\t\t\t\t\tlg:max-w-[33.33333333%]\n\t\t\t\t\t\t\t\tlg:w-[33.33333333%]\n\t\t\t\t\t\t\t\tlg:px-[2.5rem]\n\t\t\t\t\t\t\t\"\n\t\t\t\t\t\t>\n\t\t\t\t\t\t\t<!-- Content -->\n\t\t\t\t\t\t\t<div \n\t\t\t\t\t\t\t\tclass=\"\n\t\t\t\t\t\t\t\t\tflex \n\t\t\t\t\t\t\t\t\tflex-col\n\t\t\t\t\t\t\t\t\tmin-w-full\n\t\t\t\t\t\t\t\t\tmax-w-full\n\t\t\t\t\t\t\t\t\tw-full\n\t\t\t\t\t\t\t\t\taspect-[330\/250] \n\t\t\t\t\t\t\t\t\tlg:aspect-square \n\t\t\t\t\t\t\t\t\tbg-main-1 \n\t\t\t\t\t\t\t\t\ttext-center\n\t\t\t\t\t\t\t\t\"\n\t\t\t\t\t\t\t>\n\t\t\t\t\t\t\t\t\t\t\t\t\t\t\t\t\t\t<a \n\t\t\t\t\t\t\t\t\t\t\thref=\"https:\/\/kdhome.pl\/de\/b2b-shop\/\"\n\t\t\t\t\t\t\t\t\t\t\ttarget=\"_self\"\n\t\t\t\t\t\t\t\t\t\t\tclass=\"flex flex-col items-center justify-center gap-[2.1rem] min-h-full max-h-full h-full p-[4.6rem] lg:transition-color lg:duration-150 lg:hover:text-main-2 lg:focus-visible:text-main-2\"\n\t\t\t\t\t\t\t\t\t\t>\n\t\t\t\t\t\t\t\t\t\t\t<span \n\t\t\t\t\t\t\t\t\t\t\t\tclass=\"flex flex-col items-center justify-center min-w-full max-w-full w-full bg-white bg-opacity-85 px-[1.2rem] py-[1.8rem]\"\n\t\t\t\t\t\t\t\t\t\t\t>\n\t\t\t\t\t\t\t\t\t\t\t\t<h3 class=\"text-body-size 2xl:h3\">\n\t\t\t\t\t\t\t\t\t\t\t\t\tB2B-Shop\t\t\t\t\t\t\t\t\t\t\t\t<\/h3>\n\t\t\t\t\t\t\t\t\t\t\t<\/span>\n\t\t\t\t\t\t\t\t\t\t\t<p \n\t\t\t\t\t\t\t\t\t\t\t\tclass=\"btn btn-iconic text-white text-[1.6rem] max-w-max pr-[2.4rem] after:bg-main-2 after:rotate-180\"\n\t\t\t\t\t\t\t\t\t\t\t>\n\t\t\t\t\t\t\t\t\t\t\t\tSehen Sie sich das gesamte Sortiment an\t\t\t\t\t\t\t\t\t\t\t<\/p>\n\t\t\t\t\t\t\t\t\t\t<\/a>\n\t\t\t\t\t\t\t\t\t\t\t\t\t\t\t<\/div>\n\t\t\t\t\t\t<\/div>\n\t\t\t\t\t<\/div>\n\t\t\t\t<\/div>\n\t\t\t<\/div>\n\t\t<\/section><!-- cta-4-section -->\n\t\t<section \n\t\t\tid=\"\" \n\t\t\tclass=\"cta-4-section\"\n\t\t>\n\t\t\t<div \n\t\t\t\tclass=\"\n\t\t\t\t\tflex \n\t\t\t\t\tflex-col \n\t\t\t\t\tpy-[4.5rem]\n\t\t\t\t\tlg:py-[6.4rem] \n\t\t\t\t\toverflow-hidden\n\t\t\t\t\"\n\t\t\t>\n\t\t\t\t<div class=\"container\">\n\t\t\t\t\t<div class=\"flex flex-col gap-[2.1rem] lg:gap-[4.7rem]\">\n\t\t\t\t\t\t\t\t\t\t\t\t<div \n\t\t\t\t\t\t\tclass=\"\n\t\t\t\t\t\t\t\trelative \n\t\t\t\t\t\t\t\tflex \n\t\t\t\t\t\t\t\tflex-col \n\t\t\t\t\t\t\t\tlg:flex-row \n\t\t\t\t\t\t\t\tlg:items-center\n\t\t\t\t\t\t\t\tlg:min-h-[37rem]\n\t\t\t\t\t\t\t\tlg:pr-[27.20588235%]\t\t\t\t\t\t\t\tlg:pt-[2.9rem]\n\t\t\t\t\t\t\t\tlg:pb-[2.8rem]\n\t\t\t\t\t\t\t\tz-[1]\n\t\t\t\t\t\t\t\"\n\t\t\t\t\t\t>\n\t\t\t\t\t\t\t<!-- Content -->\n\t\t\t\t\t\t\t<div \n\t\t\t\t\t\t\t\tclass=\"\n\t\t\t\t\t\t\t\t\torder-2\n\t\t\t\t\t\t\t\t\tlg:order-1\n\t\t\t\t\t\t\t\t\tflex \n\t\t\t\t\t\t\t\t\tflex-col \n\t\t\t\t\t\t\t\t\tgap-[2.3rem]\n\t\t\t\t\t\t\t\t\tlg:gap-[4.8rem]\n\t\t\t\t\t\t\t\t\tmin-w-[calc(100%_-_4.2rem)]\n\t\t\t\t\t\t\t\t\tmax-w-[calc(100%_-_4.2rem)]\n\t\t\t\t\t\t\t\t\tw-[calc(100%_-_4.2rem)]\n\t\t\t\t\t\t\t\t\t\n\t\t\t\t\t\t\t\t\t\t\t\tlg:min-w-full\n\t\t\t\t\t\t\t\t\t\t\t\tlg:max-w-full\n\t\t\t\t\t\t\t\t\t\t\t\tlg:w-full\n\t\t\t\t\t\t\t\t\t\t\t\t\t\t\t\t\t\t\t\tmax-h-max\n\t\t\t\t\t\t\t\t\th-max\n\t\t\t\t\t\t\t\t\tbg-white \n\t\t\t\t\t\t\t\t\tbg-opacity-80\n\t\t\t\t\t\t\t\t\tp-[2.3rem_2.5rem_2.6rem] \n\t\t\t\t\t\t\t\t\tlg:p-[5rem_6.3rem_4.4rem_5.2rem] \n\t\t\t\t\t\t\t\t\tmx-auto\n\t\t\t\t\t\t\t\t\t-mt-[4.5rem]\n\t\t\t\t\t\t\t\t\tlg:mx-0\n\t\t\t\t\t\t\t\t\tlg:mt-0\n\t\t\t\t\t\t\t\t\tz-[1]\n\t\t\t\t\t\t\t\t\"\n\t\t\t\t\t\t\t>\n\t\t\t\t\t\t\t\t\t\t\t\t\t\t\t\t\t\t<h2>\n\t\t\t\t\t\t\t\t\t\t\tEin praktischer und eleganter Eingang\t\t\t\t\t\t\t\t\t\t<\/h2>\n\t\t\t\t\t\t\t\t\t\t\t\t\t\t\t\t\t\t\t\t\t\t\t\t\t\t<p>\n\t\t\t\t\t\t\t\t\t\t\tTextilfu\u00dfmatten vereinen Funktionalit\u00e4t und \u00c4sthetik und eignen sich ideal f\u00fcr Wohnungen, B\u00fcros, Gesch\u00e4fte und Gewerber\u00e4ume. Hergestellt aus strapazierf\u00e4higem Polypropylen mit rutschfester Gummir\u00fcckseite, halten sie Schmutz, Staub und Wasser effektiv zur\u00fcck, haften sicher auf dem Boden und verhindern so ein Verrutschen.<br>KD HOME bietet Modelle in verschiedenen Designs an \u2013 von klassischen, glatten Ausf\u00fchrungen bis hin zu dekorativen Pr\u00e4gungen und Drucken. Besonders strapazierf\u00e4hige Varianten mit dicker Struktur und erh\u00f6hter Langlebigkeit sind ebenfalls erh\u00e4ltlich.  <br \/>\r\n\t\t\t\t\t\t\t\t\t\t<\/p>\n\t\t\t\t\t\t\t\t\t\t\t\t\t\t\t<\/div>\n\t\t\t\t\t\t\t<!-- Image -->\n\t\t\t\t\t\t\t<div \n\t\t\t\t\t\t\t\tclass=\"\n\t\t\t\t\t\t\t\t\torder-1\n\t\t\t\t\t\t\t\t\tlg:order-2\n\t\t\t\t\t\t\t\t\tflex\n\t\t\t\t\t\t\t\t\tmin-w-full\n\t\t\t\t\t\t\t\t\tmax-w-full\n\t\t\t\t\t\t\t\t\tw-full\n\t\t\t\t\t\t\t\t\taspect-[330\/227]\n\t\t\t\t\t\t\t\t\tlg:absolute\n\t\t\t\t\t\t\t\t\tlg:top-0\n\t\t\t\t\t\t\t\t\t\t\t\t\t\t\t\t\t\t\t\tright-0\n\t\t\t\t\t\t\t\t\t\t\t\t\t\t\t\t\t\t\n\t\t\t\t\t\t\t\t\t\t\t\tlg:min-w-[65.51470588%]\n\t\t\t\t\t\t\t\t\t\t\t\tlg:max-w-[65.51470588%]\n\t\t\t\t\t\t\t\t\t\t\t\tlg:w-[65.51470588%]\n\t\t\t\t\t\t\t\t\t\t\t\t\t\t\t\t\t\t\t\tlg:min-h-full\n\t\t\t\t\t\t\t\t\tlg:max-h-full\n\t\t\t\t\t\t\t\t\tlg:h-full\n\t\t\t\t\t\t\t\t\tlg:aspect-[initial]\n\t\t\t\t\t\t\t\t\tlg:z-[-1]\n\t\t\t\t\t\t\t\t\"\n\t\t\t\t\t\t\t>\n\t\t\t\t\t\t\t\t<img loading=\"lazy\" decoding=\"async\" width=\"768\" height=\"512\" src=\"https:\/\/kdhome.pl\/wp-content\/uploads\/2025\/08\/kdhome_clin_szary-768x512.jpg\" class=\" \n\t\t\t\t\t\t\t\t\t\t\t\tblock\n\t\t\t\t\t\t\t\t\t\t\t\tmin-w-full\n\t\t\t\t\t\t\t\t\t\t\t\tmax-w-full\n\t\t\t\t\t\t\t\t\t\t\t\tw-full\n\t\t\t\t\t\t\t\t\t\t\t\tmin-h-full\n\t\t\t\t\t\t\t\t\t\t\t\tmax-h-full\n\t\t\t\t\t\t\t\t\t\t\t\th-full\n\t\t\t\t\t\t\t\t\t\t\t\tobject-center\n\t\t\t\t\t\t\t\t\t\t\t\tobject-cover\n\t\t\t\t\t\t\t\t\t\t\t\ttransform\n\t\t\t\t\t\t\t\t\t\t\t\tscale-x-[-1]\n\t\t\t\t\t\t\t\t\t\t\t\" alt=\"\" srcset=\"https:\/\/kdhome.pl\/wp-content\/uploads\/2025\/08\/kdhome_clin_szary-768x512.jpg 768w, https:\/\/kdhome.pl\/wp-content\/uploads\/2025\/08\/kdhome_clin_szary-300x200.jpg 300w, https:\/\/kdhome.pl\/wp-content\/uploads\/2025\/08\/kdhome_clin_szary-1024x683.jpg 1024w, https:\/\/kdhome.pl\/wp-content\/uploads\/2025\/08\/kdhome_clin_szary-1536x1024.jpg 1536w, https:\/\/kdhome.pl\/wp-content\/uploads\/2025\/08\/kdhome_clin_szary-600x400.jpg 600w, https:\/\/kdhome.pl\/wp-content\/uploads\/2025\/08\/kdhome_clin_szary.jpg 1932w\" sizes=\"auto, (max-width: 768px) 100vw, 768px\" \/>\t\t\t\t\t\t\t<\/div>\n\t\t\t\t\t\t<\/div>\n\t\t\t\t\t<\/div>\n\t\t\t\t<\/div>\n\t\t\t<\/div>\n\t\t<\/section><!-- downloadables-section -->\n\t\t<section \n\t\t\tid=\"\" \n\t\t\tclass=\"downloadables-section\"\n\t\t>\n\t\t\t<div \n\t\t\t\tclass=\"\n\t\t\t\t\tflex \n\t\t\t\t\tflex-col \n\t\t\t\t\tpy-[4.5rem]\n\t\t\t\t\tlg:py-[6.4rem] \n\t\t\t\t\toverflow-hidden\n\t\t\t\t\"\n\t\t\t>\n\t\t\t\t<div class=\"container\">\n\t\t\t\t\t<div class=\"relative flex flex-col\">\n\t\t\t\t\t\t<img loading=\"lazy\" decoding=\"async\" width=\"768\" height=\"511\" src=\"https:\/\/kdhome.pl\/wp-content\/uploads\/2024\/11\/catalogues-bg-768x511.png\" class=\" \n\t\t\t\t\t\t\t\t\t\tabsolute\n\t\t\t\t\t\t\t\t\t\tblock\n\t\t\t\t\t\t\t\t\t\tmin-w-full\n\t\t\t\t\t\t\t\t\t\tmax-w-full\n\t\t\t\t\t\t\t\t\t\tw-full\n\t\t\t\t\t\t\t\t\t\tmin-h-full\n\t\t\t\t\t\t\t\t\t\tmax-h-full\n\t\t\t\t\t\t\t\t\t\th-full\n\t\t\t\t\t\t\t\t\t\tobject-center\n\t\t\t\t\t\t\t\t\t\tobject-cover\n\t\t\t\t\t\t\t\t\t\tz-[-1]\n\t\t\t\t\t\t\t\t\t\" alt=\"\" srcset=\"https:\/\/kdhome.pl\/wp-content\/uploads\/2024\/11\/catalogues-bg-768x511.png 768w, https:\/\/kdhome.pl\/wp-content\/uploads\/2024\/11\/catalogues-bg-300x200.png 300w, https:\/\/kdhome.pl\/wp-content\/uploads\/2024\/11\/catalogues-bg-1024x681.png 1024w, https:\/\/kdhome.pl\/wp-content\/uploads\/2024\/11\/catalogues-bg-600x399.png 600w, https:\/\/kdhome.pl\/wp-content\/uploads\/2024\/11\/catalogues-bg.png 1360w\" sizes=\"auto, (max-width: 768px) 100vw, 768px\" \/>\t\t\t\t\t\t<!-- Files -->\n\t\t\t\t\t\t<ul class=\"flex flex-col max-w-[94rem] w-full gap-[1.189rem] lg:gap-[2.986rem] px-[4.6rem] lg:px-0 py-[2rem] lg:py-[10rem] mx-auto\">\n\t\t\t\t\t\t\t\t\t\t\t\t\t\t\t\t<li class=\"flex flex-col lg:flex-row lg:justify-between bg-white rounded-lg\">\n\t\t\t\t\t\t\t\t\t\t<div class=\"grow flex items-center gap-[6.542rem] px-[2.285rem] lg:pr-[6.542rem] py-[1.2rem]\">\n\t\t\t\t\t\t\t\t\t\t\t<!-- Logo -->\n\t\t\t\t\t\t\t\t\t\t\t<div \n\t\t\t\t\t\t\t\t\t\t\t\tclass=\"\n\t\t\t\t\t\t\t\t\t\t\t\t\tflex\n\t\t\t\t\t\t\t\t\t\t\t\t\tw-max\n\t\t\t\t\t\t\t\t\t\t\t\t\tmin-h-[2.5rem]\n\t\t\t\t\t\t\t\t\t\t\t\t\tmax-h-[2.5rem]\n\t\t\t\t\t\t\t\t\t\t\t\t\th-[2.5rem]\n\t\t\t\t\t\t\t\t\t\t\t\t\tmx-auto\n\t\t\t\t\t\t\t\t\t\t\t\t\"\n\t\t\t\t\t\t\t\t\t\t\t>\n\t\t\t\t\t\t\t\t\t\t\t\t<img loading=\"lazy\" decoding=\"async\" width=\"164\" height=\"28\" src=\"https:\/\/kdhome.pl\/wp-content\/uploads\/2024\/11\/logo-blue.svg\" class=\" \n\t\t\t\t\t\t\t\t\t\t\t\t\t\t\t\tblock\n\t\t\t\t\t\t\t\t\t\t\t\t\t\t\t\tw-auto\n\t\t\t\t\t\t\t\t\t\t\t\t\t\t\t\tmin-h-full\n\t\t\t\t\t\t\t\t\t\t\t\t\t\t\t\tmax-h-full\n\t\t\t\t\t\t\t\t\t\t\t\t\t\t\t\th-full\n\t\t\t\t\t\t\t\t\t\t\t\t\t\t\t\tobject-center\n\t\t\t\t\t\t\t\t\t\t\t\t\t\t\t\tobject-cover\n\t\t\t\t\t\t\t\t\t\t\t\t\t\t\t\" alt=\"\" \/>\t\t\t\t\t\t\t\t\t\t\t<\/div>\n\t\t\t\t\t\t\t\t\t\t\t\t\t\t\t\t\t\t\t\t\t\t\t\t<p class=\"hidden lg:block\">Teppiche und Fu\u00dfmatten<\/p>\n\t\t\t\t\t\t\t\t\t\t\t\t\t\t\t\t\t\t\t\t\t<\/div>\n\t\t\t\t\t\t\t\t\t\t\t\t\t\t\t\t\t\t\t<\/li>\n\t\t\t\t\t\t\t\t\t\t\t\t\t\t\t\t<li class=\"flex flex-col lg:flex-row lg:justify-between bg-white rounded-lg\">\n\t\t\t\t\t\t\t\t\t\t<div class=\"grow flex items-center gap-[6.542rem] px-[2.285rem] lg:pr-[6.542rem] py-[1.2rem]\">\n\t\t\t\t\t\t\t\t\t\t\t<!-- Logo -->\n\t\t\t\t\t\t\t\t\t\t\t<div \n\t\t\t\t\t\t\t\t\t\t\t\tclass=\"\n\t\t\t\t\t\t\t\t\t\t\t\t\tflex\n\t\t\t\t\t\t\t\t\t\t\t\t\tw-max\n\t\t\t\t\t\t\t\t\t\t\t\t\tmin-h-[2.5rem]\n\t\t\t\t\t\t\t\t\t\t\t\t\tmax-h-[2.5rem]\n\t\t\t\t\t\t\t\t\t\t\t\t\th-[2.5rem]\n\t\t\t\t\t\t\t\t\t\t\t\t\tmx-auto\n\t\t\t\t\t\t\t\t\t\t\t\t\"\n\t\t\t\t\t\t\t\t\t\t\t>\n\t\t\t\t\t\t\t\t\t\t\t\t<img loading=\"lazy\" decoding=\"async\" width=\"116\" height=\"28\" src=\"https:\/\/kdhome.pl\/wp-content\/uploads\/2024\/11\/logo-krystynka-blue.svg\" class=\" \n\t\t\t\t\t\t\t\t\t\t\t\t\t\t\t\tblock\n\t\t\t\t\t\t\t\t\t\t\t\t\t\t\t\tw-auto\n\t\t\t\t\t\t\t\t\t\t\t\t\t\t\t\tmin-h-full\n\t\t\t\t\t\t\t\t\t\t\t\t\t\t\t\tmax-h-full\n\t\t\t\t\t\t\t\t\t\t\t\t\t\t\t\th-full\n\t\t\t\t\t\t\t\t\t\t\t\t\t\t\t\tobject-center\n\t\t\t\t\t\t\t\t\t\t\t\t\t\t\t\tobject-cover\n\t\t\t\t\t\t\t\t\t\t\t\t\t\t\t\" alt=\"\" \/>\t\t\t\t\t\t\t\t\t\t\t<\/div>\n\t\t\t\t\t\t\t\t\t\t\t\t\t\t\t\t\t\t\t\t\t\t\t\t<p class=\"hidden lg:block\">Steingut<\/p>\n\t\t\t\t\t\t\t\t\t\t\t\t\t\t\t\t\t\t\t\t\t<\/div>\n\t\t\t\t\t\t\t\t\t\t\t\t\t\t\t\t\t\t\t<\/li>\n\t\t\t\t\t\t\t\t\t\t\t\t\t<\/ul>\n\t\t\t\t\t<\/div>\n\t\t\t\t<\/div>\n\t\t\t<\/div>\n\t\t<\/section><p><\/p>","protected":false},"excerpt":{"rendered":"","protected":false},"author":1,"featured_media":0,"parent":19609,"menu_order":0,"comment_status":"closed","ping_status":"closed","template":"","meta":{"_acf_changed":false,"footnotes":""},"class_list":["post-19625","page","type-page","status-publish","hentry"],"acf":[],"yoast_head":"<!-- This site is optimized with the Yoast SEO plugin v25.1 - https:\/\/yoast.com\/wordpress\/plugins\/seo\/ -->\n<title>Textil - KD Home<\/title>\n<meta name=\"robots\" content=\"noindex, follow, max-snippet:-1, max-image-preview:large, max-video-preview:-1\" \/>\n<meta property=\"og:locale\" content=\"de_DE\" \/>\n<meta property=\"og:type\" content=\"article\" \/>\n<meta property=\"og:title\" content=\"Textil - KD Home\" \/>\n<meta property=\"og:url\" content=\"https:\/\/kdhome.pl\/de\/unsere-produkte\/scheibenwischer\/textil\/\" \/>\n<meta property=\"og:site_name\" content=\"KD Home\" \/>\n<meta property=\"article:modified_time\" content=\"2025-12-31T08:35:39+00:00\" \/>\n<meta name=\"twitter:card\" content=\"summary_large_image\" \/>\n<script type=\"application\/ld+json\" class=\"yoast-schema-graph\">{\"@context\":\"https:\/\/schema.org\",\"@graph\":[{\"@type\":\"WebPage\",\"@id\":\"https:\/\/kdhome.pl\/de\/unsere-produkte\/scheibenwischer\/textil\/\",\"url\":\"https:\/\/kdhome.pl\/de\/unsere-produkte\/scheibenwischer\/textil\/\",\"name\":\"Textil - KD Home\",\"isPartOf\":{\"@id\":\"https:\/\/kdhome.pl\/de\/#website\"},\"datePublished\":\"2025-08-08T12:27:15+00:00\",\"dateModified\":\"2025-12-31T08:35:39+00:00\",\"breadcrumb\":{\"@id\":\"https:\/\/kdhome.pl\/de\/unsere-produkte\/scheibenwischer\/textil\/#breadcrumb\"},\"inLanguage\":\"de\",\"potentialAction\":[{\"@type\":\"ReadAction\",\"target\":[\"https:\/\/kdhome.pl\/de\/unsere-produkte\/scheibenwischer\/textil\/\"]}]},{\"@type\":\"BreadcrumbList\",\"@id\":\"https:\/\/kdhome.pl\/de\/unsere-produkte\/scheibenwischer\/textil\/#breadcrumb\",\"itemListElement\":[{\"@type\":\"ListItem\",\"position\":1,\"name\":\"KD HOME\",\"item\":\"https:\/\/kdhome.pl\/de\/\"},{\"@type\":\"ListItem\",\"position\":2,\"name\":\"Unsere Produkte\",\"item\":\"https:\/\/kdhome.pl\/de\/unsere-produkte\/\"},{\"@type\":\"ListItem\",\"position\":3,\"name\":\"Scheibenwischer\",\"item\":\"https:\/\/kdhome.pl\/de\/unsere-produkte\/scheibenwischer\/\"},{\"@type\":\"ListItem\",\"position\":4,\"name\":\"Textil\"}]},{\"@type\":\"WebSite\",\"@id\":\"https:\/\/kdhome.pl\/de\/#website\",\"url\":\"https:\/\/kdhome.pl\/de\/\",\"name\":\"KD Home\",\"description\":\"\",\"publisher\":{\"@id\":\"https:\/\/kdhome.pl\/de\/#organization\"},\"potentialAction\":[{\"@type\":\"SearchAction\",\"target\":{\"@type\":\"EntryPoint\",\"urlTemplate\":\"https:\/\/kdhome.pl\/de\/?s={search_term_string}\"},\"query-input\":{\"@type\":\"PropertyValueSpecification\",\"valueRequired\":true,\"valueName\":\"search_term_string\"}}],\"inLanguage\":\"de\"},{\"@type\":\"Organization\",\"@id\":\"https:\/\/kdhome.pl\/de\/#organization\",\"name\":\"KD Home\",\"url\":\"https:\/\/kdhome.pl\/de\/\",\"logo\":{\"@type\":\"ImageObject\",\"inLanguage\":\"de\",\"@id\":\"https:\/\/kdhome.pl\/de\/#\/schema\/logo\/image\/\",\"url\":\"https:\/\/kdhome.pl\/wp-content\/uploads\/2024\/11\/logo.svg\",\"contentUrl\":\"https:\/\/kdhome.pl\/wp-content\/uploads\/2024\/11\/logo.svg\",\"width\":233,\"height\":40,\"caption\":\"KD Home\"},\"image\":{\"@id\":\"https:\/\/kdhome.pl\/de\/#\/schema\/logo\/image\/\"}}]}<\/script>\n<!-- \/ Yoast SEO plugin. -->","yoast_head_json":{"title":"Textil - KD Home","robots":{"index":"noindex","follow":"follow","max-snippet":"max-snippet:-1","max-image-preview":"max-image-preview:large","max-video-preview":"max-video-preview:-1"},"og_locale":"de_DE","og_type":"article","og_title":"Textil - KD Home","og_url":"https:\/\/kdhome.pl\/de\/unsere-produkte\/scheibenwischer\/textil\/","og_site_name":"KD Home","article_modified_time":"2025-12-31T08:35:39+00:00","twitter_card":"summary_large_image","schema":{"@context":"https:\/\/schema.org","@graph":[{"@type":"WebPage","@id":"https:\/\/kdhome.pl\/de\/unsere-produkte\/scheibenwischer\/textil\/","url":"https:\/\/kdhome.pl\/de\/unsere-produkte\/scheibenwischer\/textil\/","name":"Textil - KD Home","isPartOf":{"@id":"https:\/\/kdhome.pl\/de\/#website"},"datePublished":"2025-08-08T12:27:15+00:00","dateModified":"2025-12-31T08:35:39+00:00","breadcrumb":{"@id":"https:\/\/kdhome.pl\/de\/unsere-produkte\/scheibenwischer\/textil\/#breadcrumb"},"inLanguage":"de","potentialAction":[{"@type":"ReadAction","target":["https:\/\/kdhome.pl\/de\/unsere-produkte\/scheibenwischer\/textil\/"]}]},{"@type":"BreadcrumbList","@id":"https:\/\/kdhome.pl\/de\/unsere-produkte\/scheibenwischer\/textil\/#breadcrumb","itemListElement":[{"@type":"ListItem","position":1,"name":"KD HOME","item":"https:\/\/kdhome.pl\/de\/"},{"@type":"ListItem","position":2,"name":"Unsere Produkte","item":"https:\/\/kdhome.pl\/de\/unsere-produkte\/"},{"@type":"ListItem","position":3,"name":"Scheibenwischer","item":"https:\/\/kdhome.pl\/de\/unsere-produkte\/scheibenwischer\/"},{"@type":"ListItem","position":4,"name":"Textil"}]},{"@type":"WebSite","@id":"https:\/\/kdhome.pl\/de\/#website","url":"https:\/\/kdhome.pl\/de\/","name":"KD Home","description":"","publisher":{"@id":"https:\/\/kdhome.pl\/de\/#organization"},"potentialAction":[{"@type":"SearchAction","target":{"@type":"EntryPoint","urlTemplate":"https:\/\/kdhome.pl\/de\/?s={search_term_string}"},"query-input":{"@type":"PropertyValueSpecification","valueRequired":true,"valueName":"search_term_string"}}],"inLanguage":"de"},{"@type":"Organization","@id":"https:\/\/kdhome.pl\/de\/#organization","name":"KD Home","url":"https:\/\/kdhome.pl\/de\/","logo":{"@type":"ImageObject","inLanguage":"de","@id":"https:\/\/kdhome.pl\/de\/#\/schema\/logo\/image\/","url":"https:\/\/kdhome.pl\/wp-content\/uploads\/2024\/11\/logo.svg","contentUrl":"https:\/\/kdhome.pl\/wp-content\/uploads\/2024\/11\/logo.svg","width":233,"height":40,"caption":"KD Home"},"image":{"@id":"https:\/\/kdhome.pl\/de\/#\/schema\/logo\/image\/"}}]}},"_links":{"self":[{"href":"https:\/\/kdhome.pl\/de\/wp-json\/wp\/v2\/pages\/19625","targetHints":{"allow":["GET"]}}],"collection":[{"href":"https:\/\/kdhome.pl\/de\/wp-json\/wp\/v2\/pages"}],"about":[{"href":"https:\/\/kdhome.pl\/de\/wp-json\/wp\/v2\/types\/page"}],"author":[{"embeddable":true,"href":"https:\/\/kdhome.pl\/de\/wp-json\/wp\/v2\/users\/1"}],"replies":[{"embeddable":true,"href":"https:\/\/kdhome.pl\/de\/wp-json\/wp\/v2\/comments?post=19625"}],"version-history":[{"count":2,"href":"https:\/\/kdhome.pl\/de\/wp-json\/wp\/v2\/pages\/19625\/revisions"}],"predecessor-version":[{"id":19679,"href":"https:\/\/kdhome.pl\/de\/wp-json\/wp\/v2\/pages\/19625\/revisions\/19679"}],"up":[{"embeddable":true,"href":"https:\/\/kdhome.pl\/de\/wp-json\/wp\/v2\/pages\/19609"}],"wp:attachment":[{"href":"https:\/\/kdhome.pl\/de\/wp-json\/wp\/v2\/media?parent=19625"}],"curies":[{"name":"wp","href":"https:\/\/api.w.org\/{rel}","templated":true}]}}