{"id":19563,"date":"2024-11-25T03:19:27","date_gmt":"2024-11-25T02:19:27","guid":{"rendered":"https:\/\/kdhome.pl\/unsere-produkte\/kamionka\/"},"modified":"2025-12-31T09:42:52","modified_gmt":"2025-12-31T08:42:52","slug":"kamionka","status":"publish","type":"page","link":"https:\/\/kdhome.pl\/de\/unsere-produkte\/kamionka\/","title":{"rendered":"Steingut"},"content":{"rendered":"<!-- hero-banner-subpage-section -->\n\t\t<section id=\"\" class=\"hero-banner-subpage-section\">\n\t\t\t<div\n\t\t\t\tclass=\"\n\t\t\t\t\trelative\n\t\t\t\t\tmin-w-full \n\t\t\t\t\tmax-w-full \n\t\t\t\t\tw-full\n\t\t\t\t\toverflow-hidden\n\t\t\t\t\"\n\t\t\t>\n\t\t\t\t<div \n\t\t\t\t\tclass=\"\n\t\t\t\t\t\trelative \n\t\t\t\t\t\tflex \n\t\t\t\t\t\tflex-col\n\t\t\t\t\t\titems-center\n\t\t\t\t\t\tjustify-center\n\t\t\t\t\t\t\t\t\t\t\t\t\t\tmin-h-[80rem]\n\t\t\t\t\t\t\t\tmax-h-[80rem]\n\t\t\t\t\t\t\t\th-[80rem] \n\t\t\t\t\t\t\t\t\t\t\t\tpy-[16.3rem]\n\t\t\t\t\t\tz-[1]\n\t\t\t\t\t\"\n\t\t\t\t>\n\t\t\t\t\t<div \n\t\t\t\t\t\tclass=\"\n\t\t\t\t\t\t\tabsolute\n\t\t\t\t\t\t\ttop-0\n\t\t\t\t\t\t\tleft-0\n\t\t\t\t\t\t\tmin-w-full\n\t\t\t\t\t\t\tmax-w-full\n\t\t\t\t\t\t\tw-full\n\t\t\t\t\t\t\tmin-h-full\n\t\t\t\t\t\t\tmax-h-full\n\t\t\t\t\t\t\th-full\n\t\t\t\t\t\t\tobject-center\n\t\t\t\t\t\t\tobject-cover\n\t\t\t\t\t\t\tz-[-1]\n\t\t\t\t\t\t\tbefore:absolute\n\t\t\t\t\t\t\tbefore:inset-0\n\t\t\t\t\t\t\tbefore:bg-black\n\t\t\t\t\t\t\tbefore:bg-opacity-30\n\t\t\t\t\t\t\tbefore:z-[1]\n\t\t\t\t\t\t\"\n\t\t\t\t\t>\n\t\t\t\t\t\t<img loading=\"lazy\" decoding=\"async\" width=\"2048\" height=\"1366\" src=\"https:\/\/kdhome.pl\/wp-content\/uploads\/2025\/09\/krystynka-aranzacja-beczki-1-2048x1366.jpg\" class=\"\n\t\t\t\t\t\t\t\t\t\tblock\n\t\t\t\t\t\t\t\t\t\tmin-w-full\n\t\t\t\t\t\t\t\t\t\tmax-w-full\n\t\t\t\t\t\t\t\t\t\tw-full\n\t\t\t\t\t\t\t\t\t\tmin-h-full\n\t\t\t\t\t\t\t\t\t\tmax-h-full\n\t\t\t\t\t\t\t\t\t\th-full\n\t\t\t\t\t\t\t\t\t\tobject-center\n\t\t\t\t\t\t\t\t\t\tobject-cover\n\t\t\t\t\t\t\t\t\t\" alt=\"\" srcset=\"https:\/\/kdhome.pl\/wp-content\/uploads\/2025\/09\/krystynka-aranzacja-beczki-1-2048x1366.jpg 2048w, https:\/\/kdhome.pl\/wp-content\/uploads\/2025\/09\/krystynka-aranzacja-beczki-1-300x200.jpg 300w, https:\/\/kdhome.pl\/wp-content\/uploads\/2025\/09\/krystynka-aranzacja-beczki-1-1024x683.jpg 1024w, https:\/\/kdhome.pl\/wp-content\/uploads\/2025\/09\/krystynka-aranzacja-beczki-1-768x512.jpg 768w, https:\/\/kdhome.pl\/wp-content\/uploads\/2025\/09\/krystynka-aranzacja-beczki-1-1536x1025.jpg 1536w, https:\/\/kdhome.pl\/wp-content\/uploads\/2025\/09\/krystynka-aranzacja-beczki-1-600x400.jpg 600w\" sizes=\"auto, (max-width: 2048px) 100vw, 2048px\" \/>\t\t\t\t\t<\/div>\n\t\t\t\t\t<h1 class=\"relative text-white text-[5rem] lg:text-[10rem] font-extrabold leading-[1.1718] text-center uppercase overflow-hidden\">\n\t\t\t\t\t\tSteingut\t\t\t\t\t<\/h1>\n\t\t\t\t<\/div>\n\t\t\t\t\t\t\t\t\t\t<!-- Breadcrumbs -->\n\t\t\t\t\t\t<div \n\t\t\t\t\t\t\tclass=\"\n\t\t\t\t\t\t\t\tbreadcrumbs-wrapper\n\t\t\t\t\t\t\t\tabsolute\n\t\t\t\t\t\t\t\tbottom-0\n\t\t\t\t\t\t\t\tleft-0\n\t\t\t\t\t\t\t\tpy-[3.6rem]\n\t\t\t\t\t\t\t\tpx-[3.5rem]\n\t\t\t\t\t\t\t\tlg:px-[8.7rem]\n\t\t\t\t\t\t\t\tz-[1]\n\t\t\t\t\t\t\t\"\n\t\t\t\t\t\t>\n\t\t\t\t\t\t\t<span><span><a href=\"https:\/\/kdhome.pl\/de\/\">KD HOME<\/a><\/span><\/span>\t\t\t\t\t\t<\/div>\n\t\t\t\t\t\t\t<\/div>\t\n\t\t<\/section><!-- shop-categories-blocks-section -->\n\t\t<section \n\t\t\tid=\"\" \n\t\t\tclass=\"shop-categories-blocks-section\"\n\t\t>\n\t\t\t<div \n\t\t\t\tclass=\"\n\t\t\t\t\tflex \n\t\t\t\t\tflex-col \n\t\t\t\t\tpy-[5rem]\n\t\t\t\t\tlg:py-[11.8rem] \n\t\t\t\t\toverflow-hidden\n\t\t\t\t\"\n\t\t\t>\n\t\t\t\t<div class=\"container\">\n\t\t\t\t\t<div \n\t\t\t\t\t\tclass=\"\n\t\t\t\t\t\t\tgrid\n\t\t\t\t\t\t\tgrid-cols-1\n\t\t\t\t\t\t\tlg:grid-cols-3\n\t\t\t\t\t\t\tgap-[4.5rem]\n\t\t\t\t\t\t\tlg:gap-[5rem]\n\t\t\t\t\t\t\"\n\t\t\t\t\t>\n\t\t\t\t\t\t\t\t\t\t\t\t\t\t\t<div class=\"relative flex flex-col aspect-[330\/250] lg:aspect-square text-center z-[1]\">\n\t\t\t\t\t\t\t\t\t\t<!-- BG img -->\n\t\t\t\t\t\t\t\t\t\t<div \n\t\t\t\t\t\t\t\t\t\t\tclass=\"\n\t\t\t\t\t\t\t\t\t\t\t\tabsolute\n\t\t\t\t\t\t\t\t\t\t\t\ttop-0\n\t\t\t\t\t\t\t\t\t\t\t\tleft-0\n\t\t\t\t\t\t\t\t\t\t\t\tmin-w-full\n\t\t\t\t\t\t\t\t\t\t\t\tmax-w-full\n\t\t\t\t\t\t\t\t\t\t\t\tw-full\n\t\t\t\t\t\t\t\t\t\t\t\tmin-h-full\n\t\t\t\t\t\t\t\t\t\t\t\tmax-h-full\n\t\t\t\t\t\t\t\t\t\t\t\th-full\n\t\t\t\t\t\t\t\t\t\t\t\tflex\n\t\t\t\t\t\t\t\t\t\t\t\tbg-gray\n\t\t\t\t\t\t\t\t\t\t\t\tz-[-1]\n\t\t\t\t\t\t\t\t\t\t\t\"\n\t\t\t\t\t\t\t\t\t\t>\n\t\t\t\t\t\t\t\t\t\t\t<img loading=\"lazy\" decoding=\"async\" width=\"538\" height=\"573\" src=\"https:\/\/kdhome.pl\/wp-content\/uploads\/2025\/08\/beczka-kd-home-e1754985586554.jpg\" class=\" \n\t\t\t\t\t\t\t\t\t\t\t\t\t\t\tabsolute\n\t\t\t\t\t\t\t\t\t\t\t\t\t\t\ttop-0\n\t\t\t\t\t\t\t\t\t\t\t\t\t\t\tleft-0\n\t\t\t\t\t\t\t\t\t\t\t\t\t\t\tblock\n\t\t\t\t\t\t\t\t\t\t\t\t\t\t\tmin-w-full\n\t\t\t\t\t\t\t\t\t\t\t\t\t\t\tmax-w-full\n\t\t\t\t\t\t\t\t\t\t\t\t\t\t\tw-full\n\t\t\t\t\t\t\t\t\t\t\t\t\t\t\tmin-h-full\n\t\t\t\t\t\t\t\t\t\t\t\t\t\t\tmax-h-full\n\t\t\t\t\t\t\t\t\t\t\t\t\t\t\th-full\n\t\t\t\t\t\t\t\t\t\t\t\t\t\t\tobject-center\n\t\t\t\t\t\t\t\t\t\t\t\t\t\t\tobject-cover\n\t\t\t\t\t\t\t\t\t\t\t\t\t\t\" alt=\"\" \/>\t\t\t\t\t\t\t\t\t\t<\/div>\n\t\t\t\t\t\t\t\t\t\t<!-- Content -->\n\t\t\t\t\t\t\t\t\t\t\t\t\t\t\t\t\t\t\t\t\t\t<a \n\t\t\t\t\t\t\t\t\t\t\t\t\thref=\"https:\/\/kdhome.pl\/de\/unsere-produkte\/kamionka\/beczki\/\"\n\t\t\t\t\t\t\t\t\t\t\t\t\ttarget=\"_self\"\n\t\t\t\t\t\t\t\t\t\t\t\t\tclass=\"flex flex-col items-center justify-center min-h-full max-h-full h-full p-[4.6rem] lg:transition-color lg:duration-150 lg:hover:text-main-2 lg:focus-visible:text-main-2\"\n\t\t\t\t\t\t\t\t\t\t\t\t>\n\t\t\t\t\t\t\t\t\t\t\t\t\t<span class=\"flex flex-col items-center justify-center w-full bg-white bg-opacity-85 px-[1.2rem] py-[1.8rem]\">\n\t\t\t\t\t\t\t\t\t\t\t\t\t\t<h3 class=\"text-body-size 2xl:h3\">\n\t\t\t\t\t\t\t\t\t\t\t\t\t\t\tF\u00e4sser\t\t\t\t\t\t\t\t\t\t\t\t\t\t<\/h3>\n\t\t\t\t\t\t\t\t\t\t\t\t\t<\/span>\n\t\t\t\t\t\t\t\t\t\t\t\t<\/a>\n\t\t\t\t\t\t\t\t\t\t\t\t\t\t\t\t\t\t\t<\/div>\n\t\t\t\t\t\t\t\t\t\t\t\t\t\t\t<div class=\"relative flex flex-col aspect-[330\/250] lg:aspect-square text-center z-[1]\">\n\t\t\t\t\t\t\t\t\t\t<!-- BG img -->\n\t\t\t\t\t\t\t\t\t\t<div \n\t\t\t\t\t\t\t\t\t\t\tclass=\"\n\t\t\t\t\t\t\t\t\t\t\t\tabsolute\n\t\t\t\t\t\t\t\t\t\t\t\ttop-0\n\t\t\t\t\t\t\t\t\t\t\t\tleft-0\n\t\t\t\t\t\t\t\t\t\t\t\tmin-w-full\n\t\t\t\t\t\t\t\t\t\t\t\tmax-w-full\n\t\t\t\t\t\t\t\t\t\t\t\tw-full\n\t\t\t\t\t\t\t\t\t\t\t\tmin-h-full\n\t\t\t\t\t\t\t\t\t\t\t\tmax-h-full\n\t\t\t\t\t\t\t\t\t\t\t\th-full\n\t\t\t\t\t\t\t\t\t\t\t\tflex\n\t\t\t\t\t\t\t\t\t\t\t\tbg-gray\n\t\t\t\t\t\t\t\t\t\t\t\tz-[-1]\n\t\t\t\t\t\t\t\t\t\t\t\"\n\t\t\t\t\t\t\t\t\t\t>\n\t\t\t\t\t\t\t\t\t\t\t<img loading=\"lazy\" decoding=\"async\" width=\"768\" height=\"512\" src=\"https:\/\/kdhome.pl\/wp-content\/uploads\/2025\/08\/240430_KRYSTYNKA-PHOTOSHOOTING6531-768x512.jpg\" class=\" \n\t\t\t\t\t\t\t\t\t\t\t\t\t\t\tabsolute\n\t\t\t\t\t\t\t\t\t\t\t\t\t\t\ttop-0\n\t\t\t\t\t\t\t\t\t\t\t\t\t\t\tleft-0\n\t\t\t\t\t\t\t\t\t\t\t\t\t\t\tblock\n\t\t\t\t\t\t\t\t\t\t\t\t\t\t\tmin-w-full\n\t\t\t\t\t\t\t\t\t\t\t\t\t\t\tmax-w-full\n\t\t\t\t\t\t\t\t\t\t\t\t\t\t\tw-full\n\t\t\t\t\t\t\t\t\t\t\t\t\t\t\tmin-h-full\n\t\t\t\t\t\t\t\t\t\t\t\t\t\t\tmax-h-full\n\t\t\t\t\t\t\t\t\t\t\t\t\t\t\th-full\n\t\t\t\t\t\t\t\t\t\t\t\t\t\t\tobject-center\n\t\t\t\t\t\t\t\t\t\t\t\t\t\t\tobject-cover\n\t\t\t\t\t\t\t\t\t\t\t\t\t\t\" alt=\"\" srcset=\"https:\/\/kdhome.pl\/wp-content\/uploads\/2025\/08\/240430_KRYSTYNKA-PHOTOSHOOTING6531-768x512.jpg 768w, https:\/\/kdhome.pl\/wp-content\/uploads\/2025\/08\/240430_KRYSTYNKA-PHOTOSHOOTING6531-300x200.jpg 300w, https:\/\/kdhome.pl\/wp-content\/uploads\/2025\/08\/240430_KRYSTYNKA-PHOTOSHOOTING6531-1024x683.jpg 1024w, https:\/\/kdhome.pl\/wp-content\/uploads\/2025\/08\/240430_KRYSTYNKA-PHOTOSHOOTING6531-1536x1025.jpg 1536w, https:\/\/kdhome.pl\/wp-content\/uploads\/2025\/08\/240430_KRYSTYNKA-PHOTOSHOOTING6531-2048x1366.jpg 2048w, https:\/\/kdhome.pl\/wp-content\/uploads\/2025\/08\/240430_KRYSTYNKA-PHOTOSHOOTING6531-600x400.jpg 600w\" sizes=\"auto, (max-width: 768px) 100vw, 768px\" \/>\t\t\t\t\t\t\t\t\t\t<\/div>\n\t\t\t\t\t\t\t\t\t\t<!-- Content -->\n\t\t\t\t\t\t\t\t\t\t\t\t\t\t\t\t\t\t\t\t\t\t<a \n\t\t\t\t\t\t\t\t\t\t\t\t\thref=\"https:\/\/kdhome.pl\/de\/unsere-produkte\/kamionka\/toepfe\/\"\n\t\t\t\t\t\t\t\t\t\t\t\t\ttarget=\"_self\"\n\t\t\t\t\t\t\t\t\t\t\t\t\tclass=\"flex flex-col items-center justify-center min-h-full max-h-full h-full p-[4.6rem] lg:transition-color lg:duration-150 lg:hover:text-main-2 lg:focus-visible:text-main-2\"\n\t\t\t\t\t\t\t\t\t\t\t\t>\n\t\t\t\t\t\t\t\t\t\t\t\t\t<span class=\"flex flex-col items-center justify-center w-full bg-white bg-opacity-85 px-[1.2rem] py-[1.8rem]\">\n\t\t\t\t\t\t\t\t\t\t\t\t\t\t<h3 class=\"text-body-size 2xl:h3\">\n\t\t\t\t\t\t\t\t\t\t\t\t\t\t\tT\u00f6pfe\t\t\t\t\t\t\t\t\t\t\t\t\t\t<\/h3>\n\t\t\t\t\t\t\t\t\t\t\t\t\t<\/span>\n\t\t\t\t\t\t\t\t\t\t\t\t<\/a>\n\t\t\t\t\t\t\t\t\t\t\t\t\t\t\t\t\t\t\t<\/div>\n\t\t\t\t\t\t\t\t\t\t\t\t\t\t\t<div class=\"relative flex flex-col aspect-[330\/250] lg:aspect-square text-center z-[1]\">\n\t\t\t\t\t\t\t\t\t\t<!-- BG img -->\n\t\t\t\t\t\t\t\t\t\t<div \n\t\t\t\t\t\t\t\t\t\t\tclass=\"\n\t\t\t\t\t\t\t\t\t\t\t\tabsolute\n\t\t\t\t\t\t\t\t\t\t\t\ttop-0\n\t\t\t\t\t\t\t\t\t\t\t\tleft-0\n\t\t\t\t\t\t\t\t\t\t\t\tmin-w-full\n\t\t\t\t\t\t\t\t\t\t\t\tmax-w-full\n\t\t\t\t\t\t\t\t\t\t\t\tw-full\n\t\t\t\t\t\t\t\t\t\t\t\tmin-h-full\n\t\t\t\t\t\t\t\t\t\t\t\tmax-h-full\n\t\t\t\t\t\t\t\t\t\t\t\th-full\n\t\t\t\t\t\t\t\t\t\t\t\tflex\n\t\t\t\t\t\t\t\t\t\t\t\tbg-gray\n\t\t\t\t\t\t\t\t\t\t\t\tz-[-1]\n\t\t\t\t\t\t\t\t\t\t\t\"\n\t\t\t\t\t\t\t\t\t\t>\n\t\t\t\t\t\t\t\t\t\t\t<img loading=\"lazy\" decoding=\"async\" width=\"707\" height=\"728\" src=\"https:\/\/kdhome.pl\/wp-content\/uploads\/2025\/08\/KD-HOME-KRYSTYNKA-kubek-1-e1754991061260.jpg\" class=\" \n\t\t\t\t\t\t\t\t\t\t\t\t\t\t\tabsolute\n\t\t\t\t\t\t\t\t\t\t\t\t\t\t\ttop-0\n\t\t\t\t\t\t\t\t\t\t\t\t\t\t\tleft-0\n\t\t\t\t\t\t\t\t\t\t\t\t\t\t\tblock\n\t\t\t\t\t\t\t\t\t\t\t\t\t\t\tmin-w-full\n\t\t\t\t\t\t\t\t\t\t\t\t\t\t\tmax-w-full\n\t\t\t\t\t\t\t\t\t\t\t\t\t\t\tw-full\n\t\t\t\t\t\t\t\t\t\t\t\t\t\t\tmin-h-full\n\t\t\t\t\t\t\t\t\t\t\t\t\t\t\tmax-h-full\n\t\t\t\t\t\t\t\t\t\t\t\t\t\t\th-full\n\t\t\t\t\t\t\t\t\t\t\t\t\t\t\tobject-center\n\t\t\t\t\t\t\t\t\t\t\t\t\t\t\tobject-cover\n\t\t\t\t\t\t\t\t\t\t\t\t\t\t\" alt=\"\" \/>\t\t\t\t\t\t\t\t\t\t<\/div>\n\t\t\t\t\t\t\t\t\t\t<!-- Content -->\n\t\t\t\t\t\t\t\t\t\t\t\t\t\t\t\t\t\t\t\t\t\t<a \n\t\t\t\t\t\t\t\t\t\t\t\t\thref=\"https:\/\/kdhome.pl\/de\/unsere-produkte\/kamionka\/tassen\/\"\n\t\t\t\t\t\t\t\t\t\t\t\t\ttarget=\"_self\"\n\t\t\t\t\t\t\t\t\t\t\t\t\tclass=\"flex flex-col items-center justify-center min-h-full max-h-full h-full p-[4.6rem] lg:transition-color lg:duration-150 lg:hover:text-main-2 lg:focus-visible:text-main-2\"\n\t\t\t\t\t\t\t\t\t\t\t\t>\n\t\t\t\t\t\t\t\t\t\t\t\t\t<span class=\"flex flex-col items-center justify-center w-full bg-white bg-opacity-85 px-[1.2rem] py-[1.8rem]\">\n\t\t\t\t\t\t\t\t\t\t\t\t\t\t<h3 class=\"text-body-size 2xl:h3\">\n\t\t\t\t\t\t\t\t\t\t\t\t\t\t\tTassen\t\t\t\t\t\t\t\t\t\t\t\t\t\t<\/h3>\n\t\t\t\t\t\t\t\t\t\t\t\t\t<\/span>\n\t\t\t\t\t\t\t\t\t\t\t\t<\/a>\n\t\t\t\t\t\t\t\t\t\t\t\t\t\t\t\t\t\t\t<\/div>\n\t\t\t\t\t\t\t\t\t\t\t\t\t\t\t<div class=\"relative flex flex-col aspect-[330\/250] lg:aspect-square text-center z-[1]\">\n\t\t\t\t\t\t\t\t\t\t<!-- BG img -->\n\t\t\t\t\t\t\t\t\t\t<div \n\t\t\t\t\t\t\t\t\t\t\tclass=\"\n\t\t\t\t\t\t\t\t\t\t\t\tabsolute\n\t\t\t\t\t\t\t\t\t\t\t\ttop-0\n\t\t\t\t\t\t\t\t\t\t\t\tleft-0\n\t\t\t\t\t\t\t\t\t\t\t\tmin-w-full\n\t\t\t\t\t\t\t\t\t\t\t\tmax-w-full\n\t\t\t\t\t\t\t\t\t\t\t\tw-full\n\t\t\t\t\t\t\t\t\t\t\t\tmin-h-full\n\t\t\t\t\t\t\t\t\t\t\t\tmax-h-full\n\t\t\t\t\t\t\t\t\t\t\t\th-full\n\t\t\t\t\t\t\t\t\t\t\t\tflex\n\t\t\t\t\t\t\t\t\t\t\t\tbg-gray\n\t\t\t\t\t\t\t\t\t\t\t\tz-[-1]\n\t\t\t\t\t\t\t\t\t\t\t\"\n\t\t\t\t\t\t\t\t\t\t>\n\t\t\t\t\t\t\t\t\t\t\t<img loading=\"lazy\" decoding=\"async\" width=\"768\" height=\"563\" src=\"https:\/\/kdhome.pl\/wp-content\/uploads\/2025\/08\/gar-rzymski-768x563.jpg\" class=\" \n\t\t\t\t\t\t\t\t\t\t\t\t\t\t\tabsolute\n\t\t\t\t\t\t\t\t\t\t\t\t\t\t\ttop-0\n\t\t\t\t\t\t\t\t\t\t\t\t\t\t\tleft-0\n\t\t\t\t\t\t\t\t\t\t\t\t\t\t\tblock\n\t\t\t\t\t\t\t\t\t\t\t\t\t\t\tmin-w-full\n\t\t\t\t\t\t\t\t\t\t\t\t\t\t\tmax-w-full\n\t\t\t\t\t\t\t\t\t\t\t\t\t\t\tw-full\n\t\t\t\t\t\t\t\t\t\t\t\t\t\t\tmin-h-full\n\t\t\t\t\t\t\t\t\t\t\t\t\t\t\tmax-h-full\n\t\t\t\t\t\t\t\t\t\t\t\t\t\t\th-full\n\t\t\t\t\t\t\t\t\t\t\t\t\t\t\tobject-center\n\t\t\t\t\t\t\t\t\t\t\t\t\t\t\tobject-cover\n\t\t\t\t\t\t\t\t\t\t\t\t\t\t\" alt=\"\" srcset=\"https:\/\/kdhome.pl\/wp-content\/uploads\/2025\/08\/gar-rzymski-768x563.jpg 768w, https:\/\/kdhome.pl\/wp-content\/uploads\/2025\/08\/gar-rzymski-300x220.jpg 300w, https:\/\/kdhome.pl\/wp-content\/uploads\/2025\/08\/gar-rzymski-1024x751.jpg 1024w, https:\/\/kdhome.pl\/wp-content\/uploads\/2025\/08\/gar-rzymski-1536x1126.jpg 1536w, https:\/\/kdhome.pl\/wp-content\/uploads\/2025\/08\/gar-rzymski-600x440.jpg 600w, https:\/\/kdhome.pl\/wp-content\/uploads\/2025\/08\/gar-rzymski.jpg 1588w\" sizes=\"auto, (max-width: 768px) 100vw, 768px\" \/>\t\t\t\t\t\t\t\t\t\t<\/div>\n\t\t\t\t\t\t\t\t\t\t<!-- Content -->\n\t\t\t\t\t\t\t\t\t\t\t\t\t\t\t\t\t\t\t\t\t\t<a \n\t\t\t\t\t\t\t\t\t\t\t\t\thref=\"https:\/\/kdhome.pl\/de\/unsere-produkte\/kamionka\/roemische-toepfe\/\"\n\t\t\t\t\t\t\t\t\t\t\t\t\ttarget=\"_self\"\n\t\t\t\t\t\t\t\t\t\t\t\t\tclass=\"flex flex-col items-center justify-center min-h-full max-h-full h-full p-[4.6rem] lg:transition-color lg:duration-150 lg:hover:text-main-2 lg:focus-visible:text-main-2\"\n\t\t\t\t\t\t\t\t\t\t\t\t>\n\t\t\t\t\t\t\t\t\t\t\t\t\t<span class=\"flex flex-col items-center justify-center w-full bg-white bg-opacity-85 px-[1.2rem] py-[1.8rem]\">\n\t\t\t\t\t\t\t\t\t\t\t\t\t\t<h3 class=\"text-body-size 2xl:h3\">\n\t\t\t\t\t\t\t\t\t\t\t\t\t\t\tR\u00f6mische T\u00f6pfe\t\t\t\t\t\t\t\t\t\t\t\t\t\t<\/h3>\n\t\t\t\t\t\t\t\t\t\t\t\t\t<\/span>\n\t\t\t\t\t\t\t\t\t\t\t\t<\/a>\n\t\t\t\t\t\t\t\t\t\t\t\t\t\t\t\t\t\t\t<\/div>\n\t\t\t\t\t\t\t\t\t\t\t\t\t\t\t<div class=\"relative flex flex-col aspect-[330\/250] lg:aspect-square text-center z-[1]\">\n\t\t\t\t\t\t\t\t\t\t<!-- BG img -->\n\t\t\t\t\t\t\t\t\t\t<div \n\t\t\t\t\t\t\t\t\t\t\tclass=\"\n\t\t\t\t\t\t\t\t\t\t\t\tabsolute\n\t\t\t\t\t\t\t\t\t\t\t\ttop-0\n\t\t\t\t\t\t\t\t\t\t\t\tleft-0\n\t\t\t\t\t\t\t\t\t\t\t\tmin-w-full\n\t\t\t\t\t\t\t\t\t\t\t\tmax-w-full\n\t\t\t\t\t\t\t\t\t\t\t\tw-full\n\t\t\t\t\t\t\t\t\t\t\t\tmin-h-full\n\t\t\t\t\t\t\t\t\t\t\t\tmax-h-full\n\t\t\t\t\t\t\t\t\t\t\t\th-full\n\t\t\t\t\t\t\t\t\t\t\t\tflex\n\t\t\t\t\t\t\t\t\t\t\t\tbg-gray\n\t\t\t\t\t\t\t\t\t\t\t\tz-[-1]\n\t\t\t\t\t\t\t\t\t\t\t\"\n\t\t\t\t\t\t\t\t\t\t>\n\t\t\t\t\t\t\t\t\t\t\t<img loading=\"lazy\" decoding=\"async\" width=\"768\" height=\"563\" src=\"https:\/\/kdhome.pl\/wp-content\/uploads\/2025\/08\/czajnik-atena-kd-home-768x563.jpg\" class=\" \n\t\t\t\t\t\t\t\t\t\t\t\t\t\t\tabsolute\n\t\t\t\t\t\t\t\t\t\t\t\t\t\t\ttop-0\n\t\t\t\t\t\t\t\t\t\t\t\t\t\t\tleft-0\n\t\t\t\t\t\t\t\t\t\t\t\t\t\t\tblock\n\t\t\t\t\t\t\t\t\t\t\t\t\t\t\tmin-w-full\n\t\t\t\t\t\t\t\t\t\t\t\t\t\t\tmax-w-full\n\t\t\t\t\t\t\t\t\t\t\t\t\t\t\tw-full\n\t\t\t\t\t\t\t\t\t\t\t\t\t\t\tmin-h-full\n\t\t\t\t\t\t\t\t\t\t\t\t\t\t\tmax-h-full\n\t\t\t\t\t\t\t\t\t\t\t\t\t\t\th-full\n\t\t\t\t\t\t\t\t\t\t\t\t\t\t\tobject-center\n\t\t\t\t\t\t\t\t\t\t\t\t\t\t\tobject-cover\n\t\t\t\t\t\t\t\t\t\t\t\t\t\t\" alt=\"\" srcset=\"https:\/\/kdhome.pl\/wp-content\/uploads\/2025\/08\/czajnik-atena-kd-home-768x563.jpg 768w, https:\/\/kdhome.pl\/wp-content\/uploads\/2025\/08\/czajnik-atena-kd-home-300x220.jpg 300w, https:\/\/kdhome.pl\/wp-content\/uploads\/2025\/08\/czajnik-atena-kd-home-1024x751.jpg 1024w, https:\/\/kdhome.pl\/wp-content\/uploads\/2025\/08\/czajnik-atena-kd-home-1536x1126.jpg 1536w, https:\/\/kdhome.pl\/wp-content\/uploads\/2025\/08\/czajnik-atena-kd-home-600x440.jpg 600w, https:\/\/kdhome.pl\/wp-content\/uploads\/2025\/08\/czajnik-atena-kd-home.jpg 1588w\" sizes=\"auto, (max-width: 768px) 100vw, 768px\" \/>\t\t\t\t\t\t\t\t\t\t<\/div>\n\t\t\t\t\t\t\t\t\t\t<!-- Content -->\n\t\t\t\t\t\t\t\t\t\t\t\t\t\t\t\t\t\t\t\t\t\t<a \n\t\t\t\t\t\t\t\t\t\t\t\t\thref=\"https:\/\/kdhome.pl\/de\/unsere-produkte\/kamionka\/der-rest\/\"\n\t\t\t\t\t\t\t\t\t\t\t\t\ttarget=\"_self\"\n\t\t\t\t\t\t\t\t\t\t\t\t\tclass=\"flex flex-col items-center justify-center min-h-full max-h-full h-full p-[4.6rem] lg:transition-color lg:duration-150 lg:hover:text-main-2 lg:focus-visible:text-main-2\"\n\t\t\t\t\t\t\t\t\t\t\t\t>\n\t\t\t\t\t\t\t\t\t\t\t\t\t<span class=\"flex flex-col items-center justify-center w-full bg-white bg-opacity-85 px-[1.2rem] py-[1.8rem]\">\n\t\t\t\t\t\t\t\t\t\t\t\t\t\t<h3 class=\"text-body-size 2xl:h3\">\n\t\t\t\t\t\t\t\t\t\t\t\t\t\t\tDer Rest\t\t\t\t\t\t\t\t\t\t\t\t\t\t<\/h3>\n\t\t\t\t\t\t\t\t\t\t\t\t\t<\/span>\n\t\t\t\t\t\t\t\t\t\t\t\t<\/a>\n\t\t\t\t\t\t\t\t\t\t\t\t\t\t\t\t\t\t\t<\/div>\n\t\t\t\t\t\t\t\t\t\t\t\t<!-- Shop block -->\n\t\t\t\t\t\t<div class=\"flex flex-col aspect-[330\/250] lg:aspect-square bg-main-1 text-center\">\n\t\t\t\t\t\t\t<!-- Content -->\n\t\t\t\t\t\t\t\t\t\t\t\t\t\t\t\t<a \n\t\t\t\t\t\t\t\t\t\thref=\"https:\/\/kdhome.pl\/de\/b2b-shop\/\"\n\t\t\t\t\t\t\t\t\t\ttarget=\"_self\"\n\t\t\t\t\t\t\t\t\t\tclass=\"flex flex-col items-center justify-center gap-[2.1rem] min-h-full max-h-full h-full p-[4.6rem] lg:transition-color lg:duration-150 lg:hover:text-main-2 lg:focus-visible:text-main-2\"\n\t\t\t\t\t\t\t\t\t>\n\t\t\t\t\t\t\t\t\t\t<span \n\t\t\t\t\t\t\t\t\t\t\tclass=\"flex flex-col items-center justify-center min-w-full max-w-full w-full bg-white bg-opacity-85 px-[1.2rem] py-[1.8rem]\"\n\t\t\t\t\t\t\t\t\t\t>\n\t\t\t\t\t\t\t\t\t\t\t<h3 class=\"text-body-size 2xl:h3\">\n\t\t\t\t\t\t\t\t\t\t\t\tB2B-Shop\t\t\t\t\t\t\t\t\t\t\t<\/h3>\n\t\t\t\t\t\t\t\t\t\t<\/span>\n\t\t\t\t\t\t\t\t\t\t<p \n\t\t\t\t\t\t\t\t\t\t\tclass=\"btn btn-iconic text-white text-[1.6rem] max-w-max pr-[2.4rem] after:bg-main-2 after:rotate-180\"\n\t\t\t\t\t\t\t\t\t\t>\n\t\t\t\t\t\t\t\t\t\t\tSehen Sie sich das gesamte Sortiment an\t\t\t\t\t\t\t\t\t\t<\/p>\n\t\t\t\t\t\t\t\t\t<\/a>\n\t\t\t\t\t\t\t\t\t\t\t\t\t<\/div>\n\t\t\t\t\t<\/div>\n\t\t\t\t<\/div>\n\t\t\t<\/div>\n\t\t<\/section><!-- cta-7-section -->\n\t\t<section \n\t\t\tid=\"\" \n\t\t\tclass=\"cta-7-section\"\n\t\t>\n\t\t\t<div class=\"flex flex-col overflow-hidden\">\n\t\t\t\t<div \n\t\t\t\t\tclass=\"\n\t\t\t\t\t\tflex \n\t\t\t\t\t\tflex-col \n\t\t\t\t\t\tpy-[4.5rem]\n\t\t\t\t\t\tlg:py-[6.4rem] \n\t\t\t\t\t\"\n\t\t\t\t>\n\t\t\t\t\t<div class=\"container\">\n\t\t\t\t\t\t<!-- Content -->\n\t\t\t\t\t\t<div \n\t\t\t\t\t\t\tclass=\"\n\t\t\t\t\t\t\t\tflex \n\t\t\t\t\t\t\t\tflex-col \n\t\t\t\t\t\t\t\tbg-white \n\t\t\t\t\t\t\t\tbg-opacity-85 \n\t\t\t\t\t\t\t\tpx-[2.5rem]\n\t\t\t\t\t\t\t\tpt-[2.1rem]\n\t\t\t\t\t\t\t\tpb-[4.2rem]\n\t\t\t\t\t\t\t\tlg:px-[9.5rem]\n\t\t\t\t\t\t\t\tlg:py-[3.6rem]\n\t\t\t\t\t\t\t\"\n\t\t\t\t\t\t>\n\t\t\t\t\t\t\t\t\t\t\t\t\t\t\t\t<p>\n\t\t\t\t\t\t\t\t\t\tUnser Steinzeug vereint klassische Handwerkskunst und langlebige Materialien mit praktischer Alltagstauglichkeit. Unser Sortiment umfasst F\u00e4sser, T\u00f6pfe, Becher und viele weitere Produkte, die sich ideal f\u00fcr K\u00fcche und Tisch eignen. Hitzebest\u00e4ndig, leicht zu reinigen und lebensmittelecht \u2013 zertifiziert. Perfekt zum Einlegen, Kochen, Backen und Servieren.   \t\t\t\t\t\t\t\t\t<\/p>\n\t\t\t\t\t\t\t\t\t\t\t\t\t<\/div>\n\t\t\t\t\t<\/div>\n\t\t\t\t<\/div>\n\t\t\t<\/div>\n\t\t<\/section><!-- new-products-section -->\n\t\t<section \n\t\t\tid=\"\" \n\t\t\tclass=\"new-products-section\"\n\t\t>\n\t\t\t<div \n\t\t\t\tclass=\"\n\t\t\t\t\tflex \n\t\t\t\t\tflex-col \n\t\t\t\t\tpy-[4.5rem]\n\t\t\t\t\tlg:py-[6.4rem] \n\t\t\t\t\toverflow-hidden\n\t\t\t\t\"\n\t\t\t>\n\t\t\t\t<div class=\"container\">\n\t\t\t\t\t<div class=\"flex flex-col gap-[2.1rem] lg:gap-[6rem]\">\n\t\t\t\t\t\t\t\t\t\t\t\t\t\t<h2 class=\"uppercase\">Nachricht<\/h2>\n\t\t\t\t\t\t\t\t\t\t\t\t\t\t\t\t\t<\/div>\n\t\t\t\t<\/div>\n\t\t\t<\/div>\n\t\t<\/section>","protected":false},"excerpt":{"rendered":"","protected":false},"author":1,"featured_media":0,"parent":19485,"menu_order":0,"comment_status":"closed","ping_status":"closed","template":"","meta":{"_acf_changed":false,"footnotes":""},"class_list":["post-19563","page","type-page","status-publish","hentry"],"acf":[],"yoast_head":"<!-- This site is optimized with the Yoast SEO plugin v25.1 - https:\/\/yoast.com\/wordpress\/plugins\/seo\/ -->\n<title>Steingut - KD Home<\/title>\n<meta name=\"robots\" content=\"noindex, follow, max-snippet:-1, max-image-preview:large, max-video-preview:-1\" \/>\n<meta property=\"og:locale\" content=\"de_DE\" \/>\n<meta property=\"og:type\" content=\"article\" \/>\n<meta property=\"og:title\" content=\"Steingut - KD Home\" \/>\n<meta property=\"og:url\" content=\"https:\/\/kdhome.pl\/de\/unsere-produkte\/kamionka\/\" \/>\n<meta property=\"og:site_name\" content=\"KD Home\" \/>\n<meta property=\"article:modified_time\" content=\"2025-12-31T08:42:52+00:00\" \/>\n<meta name=\"twitter:card\" content=\"summary_large_image\" \/>\n<script type=\"application\/ld+json\" class=\"yoast-schema-graph\">{\"@context\":\"https:\/\/schema.org\",\"@graph\":[{\"@type\":\"WebPage\",\"@id\":\"https:\/\/kdhome.pl\/de\/unsere-produkte\/kamionka\/\",\"url\":\"https:\/\/kdhome.pl\/de\/unsere-produkte\/kamionka\/\",\"name\":\"Steingut - KD Home\",\"isPartOf\":{\"@id\":\"https:\/\/kdhome.pl\/de\/#website\"},\"datePublished\":\"2024-11-25T02:19:27+00:00\",\"dateModified\":\"2025-12-31T08:42:52+00:00\",\"breadcrumb\":{\"@id\":\"https:\/\/kdhome.pl\/de\/unsere-produkte\/kamionka\/#breadcrumb\"},\"inLanguage\":\"de\",\"potentialAction\":[{\"@type\":\"ReadAction\",\"target\":[\"https:\/\/kdhome.pl\/de\/unsere-produkte\/kamionka\/\"]}]},{\"@type\":\"BreadcrumbList\",\"@id\":\"https:\/\/kdhome.pl\/de\/unsere-produkte\/kamionka\/#breadcrumb\",\"itemListElement\":[{\"@type\":\"ListItem\",\"position\":1,\"name\":\"KD HOME\",\"item\":\"https:\/\/kdhome.pl\/de\/\"},{\"@type\":\"ListItem\",\"position\":2,\"name\":\"Unsere Produkte\",\"item\":\"https:\/\/kdhome.pl\/de\/unsere-produkte\/\"},{\"@type\":\"ListItem\",\"position\":3,\"name\":\"Steingut\"}]},{\"@type\":\"WebSite\",\"@id\":\"https:\/\/kdhome.pl\/de\/#website\",\"url\":\"https:\/\/kdhome.pl\/de\/\",\"name\":\"KD Home\",\"description\":\"\",\"publisher\":{\"@id\":\"https:\/\/kdhome.pl\/de\/#organization\"},\"potentialAction\":[{\"@type\":\"SearchAction\",\"target\":{\"@type\":\"EntryPoint\",\"urlTemplate\":\"https:\/\/kdhome.pl\/de\/?s={search_term_string}\"},\"query-input\":{\"@type\":\"PropertyValueSpecification\",\"valueRequired\":true,\"valueName\":\"search_term_string\"}}],\"inLanguage\":\"de\"},{\"@type\":\"Organization\",\"@id\":\"https:\/\/kdhome.pl\/de\/#organization\",\"name\":\"KD Home\",\"url\":\"https:\/\/kdhome.pl\/de\/\",\"logo\":{\"@type\":\"ImageObject\",\"inLanguage\":\"de\",\"@id\":\"https:\/\/kdhome.pl\/de\/#\/schema\/logo\/image\/\",\"url\":\"https:\/\/kdhome.pl\/wp-content\/uploads\/2024\/11\/logo.svg\",\"contentUrl\":\"https:\/\/kdhome.pl\/wp-content\/uploads\/2024\/11\/logo.svg\",\"width\":233,\"height\":40,\"caption\":\"KD Home\"},\"image\":{\"@id\":\"https:\/\/kdhome.pl\/de\/#\/schema\/logo\/image\/\"}}]}<\/script>\n<!-- \/ Yoast SEO plugin. -->","yoast_head_json":{"title":"Steingut - KD Home","robots":{"index":"noindex","follow":"follow","max-snippet":"max-snippet:-1","max-image-preview":"max-image-preview:large","max-video-preview":"max-video-preview:-1"},"og_locale":"de_DE","og_type":"article","og_title":"Steingut - KD Home","og_url":"https:\/\/kdhome.pl\/de\/unsere-produkte\/kamionka\/","og_site_name":"KD Home","article_modified_time":"2025-12-31T08:42:52+00:00","twitter_card":"summary_large_image","schema":{"@context":"https:\/\/schema.org","@graph":[{"@type":"WebPage","@id":"https:\/\/kdhome.pl\/de\/unsere-produkte\/kamionka\/","url":"https:\/\/kdhome.pl\/de\/unsere-produkte\/kamionka\/","name":"Steingut - KD Home","isPartOf":{"@id":"https:\/\/kdhome.pl\/de\/#website"},"datePublished":"2024-11-25T02:19:27+00:00","dateModified":"2025-12-31T08:42:52+00:00","breadcrumb":{"@id":"https:\/\/kdhome.pl\/de\/unsere-produkte\/kamionka\/#breadcrumb"},"inLanguage":"de","potentialAction":[{"@type":"ReadAction","target":["https:\/\/kdhome.pl\/de\/unsere-produkte\/kamionka\/"]}]},{"@type":"BreadcrumbList","@id":"https:\/\/kdhome.pl\/de\/unsere-produkte\/kamionka\/#breadcrumb","itemListElement":[{"@type":"ListItem","position":1,"name":"KD HOME","item":"https:\/\/kdhome.pl\/de\/"},{"@type":"ListItem","position":2,"name":"Unsere Produkte","item":"https:\/\/kdhome.pl\/de\/unsere-produkte\/"},{"@type":"ListItem","position":3,"name":"Steingut"}]},{"@type":"WebSite","@id":"https:\/\/kdhome.pl\/de\/#website","url":"https:\/\/kdhome.pl\/de\/","name":"KD Home","description":"","publisher":{"@id":"https:\/\/kdhome.pl\/de\/#organization"},"potentialAction":[{"@type":"SearchAction","target":{"@type":"EntryPoint","urlTemplate":"https:\/\/kdhome.pl\/de\/?s={search_term_string}"},"query-input":{"@type":"PropertyValueSpecification","valueRequired":true,"valueName":"search_term_string"}}],"inLanguage":"de"},{"@type":"Organization","@id":"https:\/\/kdhome.pl\/de\/#organization","name":"KD Home","url":"https:\/\/kdhome.pl\/de\/","logo":{"@type":"ImageObject","inLanguage":"de","@id":"https:\/\/kdhome.pl\/de\/#\/schema\/logo\/image\/","url":"https:\/\/kdhome.pl\/wp-content\/uploads\/2024\/11\/logo.svg","contentUrl":"https:\/\/kdhome.pl\/wp-content\/uploads\/2024\/11\/logo.svg","width":233,"height":40,"caption":"KD Home"},"image":{"@id":"https:\/\/kdhome.pl\/de\/#\/schema\/logo\/image\/"}}]}},"_links":{"self":[{"href":"https:\/\/kdhome.pl\/de\/wp-json\/wp\/v2\/pages\/19563","targetHints":{"allow":["GET"]}}],"collection":[{"href":"https:\/\/kdhome.pl\/de\/wp-json\/wp\/v2\/pages"}],"about":[{"href":"https:\/\/kdhome.pl\/de\/wp-json\/wp\/v2\/types\/page"}],"author":[{"embeddable":true,"href":"https:\/\/kdhome.pl\/de\/wp-json\/wp\/v2\/users\/1"}],"replies":[{"embeddable":true,"href":"https:\/\/kdhome.pl\/de\/wp-json\/wp\/v2\/comments?post=19563"}],"version-history":[{"count":4,"href":"https:\/\/kdhome.pl\/de\/wp-json\/wp\/v2\/pages\/19563\/revisions"}],"predecessor-version":[{"id":19685,"href":"https:\/\/kdhome.pl\/de\/wp-json\/wp\/v2\/pages\/19563\/revisions\/19685"}],"up":[{"embeddable":true,"href":"https:\/\/kdhome.pl\/de\/wp-json\/wp\/v2\/pages\/19485"}],"wp:attachment":[{"href":"https:\/\/kdhome.pl\/de\/wp-json\/wp\/v2\/media?parent=19563"}],"curies":[{"name":"wp","href":"https:\/\/api.w.org\/{rel}","templated":true}]}}