{"id":19472,"date":"2024-11-20T22:38:06","date_gmt":"2024-11-20T21:38:06","guid":{"rendered":"https:\/\/kdhome.pl\/krystynka-2\/"},"modified":"2025-12-31T04:48:16","modified_gmt":"2025-12-31T03:48:16","slug":"krystynka-2","status":"publish","type":"page","link":"https:\/\/kdhome.pl\/de\/krystynka-2\/","title":{"rendered":"KRYSTYNKA"},"content":{"rendered":"<!-- hero-banner-subpage-section -->\n\t\t<section id=\"\" class=\"hero-banner-subpage-section\">\n\t\t\t<div\n\t\t\t\tclass=\"\n\t\t\t\t\trelative\n\t\t\t\t\tmin-w-full \n\t\t\t\t\tmax-w-full \n\t\t\t\t\tw-full\n\t\t\t\t\toverflow-hidden\n\t\t\t\t\"\n\t\t\t>\n\t\t\t\t<div \n\t\t\t\t\tclass=\"\n\t\t\t\t\t\trelative \n\t\t\t\t\t\tflex \n\t\t\t\t\t\tflex-col\n\t\t\t\t\t\titems-center\n\t\t\t\t\t\tjustify-center\n\t\t\t\t\t\t\t\t\t\t\t\t\t\tmin-h-[80rem]\n\t\t\t\t\t\t\t\tmax-h-[80rem]\n\t\t\t\t\t\t\t\th-[80rem] \n\t\t\t\t\t\t\t\t\t\t\t\tpy-[16.3rem]\n\t\t\t\t\t\tz-[1]\n\t\t\t\t\t\"\n\t\t\t\t>\n\t\t\t\t\t<div \n\t\t\t\t\t\tclass=\"\n\t\t\t\t\t\t\tabsolute\n\t\t\t\t\t\t\ttop-0\n\t\t\t\t\t\t\tleft-0\n\t\t\t\t\t\t\tmin-w-full\n\t\t\t\t\t\t\tmax-w-full\n\t\t\t\t\t\t\tw-full\n\t\t\t\t\t\t\tmin-h-full\n\t\t\t\t\t\t\tmax-h-full\n\t\t\t\t\t\t\th-full\n\t\t\t\t\t\t\tobject-center\n\t\t\t\t\t\t\tobject-cover\n\t\t\t\t\t\t\tz-[-1]\n\t\t\t\t\t\t\tbefore:absolute\n\t\t\t\t\t\t\tbefore:inset-0\n\t\t\t\t\t\t\tbefore:bg-black\n\t\t\t\t\t\t\tbefore:bg-opacity-30\n\t\t\t\t\t\t\tbefore:z-[1]\n\t\t\t\t\t\t\"\n\t\t\t\t\t>\n\t\t\t\t\t\t<img loading=\"lazy\" decoding=\"async\" width=\"1472\" height=\"983\" src=\"https:\/\/kdhome.pl\/wp-content\/uploads\/2024\/11\/pottery.png\" class=\"\n\t\t\t\t\t\t\t\t\t\tblock\n\t\t\t\t\t\t\t\t\t\tmin-w-full\n\t\t\t\t\t\t\t\t\t\tmax-w-full\n\t\t\t\t\t\t\t\t\t\tw-full\n\t\t\t\t\t\t\t\t\t\tmin-h-full\n\t\t\t\t\t\t\t\t\t\tmax-h-full\n\t\t\t\t\t\t\t\t\t\th-full\n\t\t\t\t\t\t\t\t\t\tobject-center\n\t\t\t\t\t\t\t\t\t\tobject-cover\n\t\t\t\t\t\t\t\t\t\" alt=\"\" srcset=\"https:\/\/kdhome.pl\/wp-content\/uploads\/2024\/11\/pottery.png 1472w, https:\/\/kdhome.pl\/wp-content\/uploads\/2024\/11\/pottery-300x200.png 300w, https:\/\/kdhome.pl\/wp-content\/uploads\/2024\/11\/pottery-1024x684.png 1024w, https:\/\/kdhome.pl\/wp-content\/uploads\/2024\/11\/pottery-768x513.png 768w, https:\/\/kdhome.pl\/wp-content\/uploads\/2024\/11\/pottery-600x401.png 600w\" sizes=\"auto, (max-width: 1472px) 100vw, 1472px\" \/>\t\t\t\t\t<\/div>\n\t\t\t\t\t<h1 class=\"relative text-white text-[5rem] lg:text-[10rem] font-extrabold leading-[1.1718] text-center uppercase overflow-hidden\">\n\t\t\t\t\t\t\t\t\t\t\t\t\t\t<div class=\"flex min-w-[80vw] max-w-[80vw] w-[80vw] lg:min-w-[52rem] lg:max-w-[52rem] lg:w-[52rem]\">\n\t\t\t\t\t\t\t\t\t<img loading=\"lazy\" decoding=\"async\" width=\"520\" height=\"177\" src=\"https:\/\/kdhome.pl\/wp-content\/uploads\/2024\/11\/krystynka-logo-on-blue.svg\" class=\"\n\t\t\t\t\t\t\t\t\t\t\t\tblock\n\t\t\t\t\t\t\t\t\t\t\t\tmin-w-full\n\t\t\t\t\t\t\t\t\t\t\t\tmax-w-full\n\t\t\t\t\t\t\t\t\t\t\t\tw-full\n\t\t\t\t\t\t\t\t\t\t\t\th-auto\n\t\t\t\t\t\t\t\t\t\t\t\tobject-center\n\t\t\t\t\t\t\t\t\t\t\t\tobject-cover\n\t\t\t\t\t\t\t\t\t\t\t\" alt=\"\" \/>\t\t\t\t\t\t\t\t<\/div>\n\t\t\t\t\t\t\t\t<span class=\"absolute top-0 left-0 pointer-events-none opacity-0 z-[-1]\">\n\t\t\t\t\t\t\t\t\tKRYSTYNKA\t\t\t\t\t\t\t\t<\/span>\n\t\t\t\t\t\t\t\t\t\t\t<\/h1>\n\t\t\t\t<\/div>\n\t\t\t\t\t\t\t\t\t\t<!-- Breadcrumbs -->\n\t\t\t\t\t\t<div \n\t\t\t\t\t\t\tclass=\"\n\t\t\t\t\t\t\t\tbreadcrumbs-wrapper\n\t\t\t\t\t\t\t\tabsolute\n\t\t\t\t\t\t\t\tbottom-0\n\t\t\t\t\t\t\t\tleft-0\n\t\t\t\t\t\t\t\tpy-[3.6rem]\n\t\t\t\t\t\t\t\tpx-[3.5rem]\n\t\t\t\t\t\t\t\tlg:px-[8.7rem]\n\t\t\t\t\t\t\t\tz-[1]\n\t\t\t\t\t\t\t\"\n\t\t\t\t\t\t>\n\t\t\t\t\t\t\t<span><span><a href=\"https:\/\/kdhome.pl\/de\/\">KD HOME<\/a><\/span><\/span>\t\t\t\t\t\t<\/div>\n\t\t\t\t\t\t\t<\/div>\t\n\t\t<\/section><!-- cta-2-section -->\n\t\t<section \n\t\t\tid=\"\" \n\t\t\tclass=\"cta-2-section\"\n\t\t>\n\t\t\t<div \n\t\t\t\tclass=\"\n\t\t\t\t\tflex \n\t\t\t\t\tflex-col \n\t\t\t\t\tbg-gray\n\t\t\t\t\tpy-[4.5rem]\n\t\t\t\t\tlg:py-[6.4rem] \n\t\t\t\t\toverflow-hidden\n\t\t\t\t\"\n\t\t\t>\n\t\t\t\t<div class=\"container\">\n\t\t\t\t\t<div \n\t\t\t\t\t\tclass=\"\n\t\t\t\t\t\t\trelative \n\t\t\t\t\t\t\tflex \n\t\t\t\t\t\t\tflex-col \n\t\t\t\t\t\t\tgap-[4.5rem]\n\t\t\t\t\t\t\tlg:gap-0\n\t\t\t\t\t\t\tlg:flex-row \n\t\t\t\t\t\t\tlg:items-center\n\t\t\t\t\t\t\"\n\t\t\t\t\t>\n\t\t\t\t\t\t<!-- Content col -->\n\t\t\t\t\t\t<div class=\"order-2 lg:order-1 lg:min-w-[69.11764706%] lg:max-w-[69.11764706%] lg:w-[69.11764706%] lg:pr-[5.2rem]\">\n\t\t\t\t\t\t\t\t\t\t\t\t\t\t\t\t<p>\n\t\t\t\t\t\t\t\t\t\tBei KD HOME finden Sie die perfekte L\u00f6sung f\u00fcr Ihr Zuhause, Ihr B\u00fcro oder Ihr Gesch\u00e4ft. Unsere Fu\u00dfmatten und Teppiche sind auf maximale Funktionalit\u00e4t ausgelegt. Sie sind strapazierf\u00e4hig, pflegeleicht und \u00e4sthetisch ansprechend \u2013 ideal selbst f\u00fcr anspruchsvollste R\u00e4ume.<br \/>\r\n<br \/>\r\nWir bieten eine gro\u00dfe Auswahl an Teppichen und L\u00e4ufern, die den hohen Qualit\u00e4tsstandards internationaler Handelsketten entsprechen.\t\t\t\t\t\t\t\t\t<\/p>\n\t\t\t\t\t\t\t\t\t\t\t\t\t<\/div>\n\t\t\t\t\t\t<!-- Image col -->\n\t\t\t\t\t\t<div class=\"order-1 lg:order-2 lg:min-w-[30.88235294%] lg:max-w-[30.88235294%] lg:w-[30.88235294%]\">\n\t\t\t\t\t\t\t<img loading=\"lazy\" decoding=\"async\" width=\"655\" height=\"514\" src=\"https:\/\/kdhome.pl\/wp-content\/uploads\/2024\/11\/krystynka-banner.jpg\" class=\" \n\t\t\t\t\t\t\t\t\t\t\tblock\n\t\t\t\t\t\t\t\t\t\t\tmin-w-full\n\t\t\t\t\t\t\t\t\t\t\tmax-w-full\n\t\t\t\t\t\t\t\t\t\t\tw-full\n\t\t\t\t\t\t\t\t\t\t\taspect-[330\/290]\n\t\t\t\t\t\t\t\t\t\t\tlg:aspect-[420\/369]\n\t\t\t\t\t\t\t\t\t\t\tobject-center\n\t\t\t\t\t\t\t\t\t\t\tobject-cover\n\t\t\t\t\t\t\t\t\t\t\ttransform\n\t\t\t\t\t\t\t\t\t\t\troate-180\n\t\t\t\t\t\t\t\t\t\t\" alt=\"\" srcset=\"https:\/\/kdhome.pl\/wp-content\/uploads\/2024\/11\/krystynka-banner.jpg 655w, https:\/\/kdhome.pl\/wp-content\/uploads\/2024\/11\/krystynka-banner-300x235.jpg 300w, https:\/\/kdhome.pl\/wp-content\/uploads\/2024\/11\/krystynka-banner-600x471.jpg 600w\" sizes=\"auto, (max-width: 655px) 100vw, 655px\" \/>\t\t\t\t\t\t<\/div>\n\t\t\t\t\t<\/div>\n\t\t\t\t<\/div>\n\t\t\t<\/div>\n\t\t<\/section><!-- products-shop-catalogue-section -->\n\t\t<section \n\t\t\tid=\"\" \n\t\t\tclass=\"products-shop-catalogue-section\"\n\t\t>\n\t\t\t<div \n\t\t\t\tclass=\"\n\t\t\t\t\tflex \n\t\t\t\t\tflex-col \n\t\t\t\t\tpy-[5rem]\n\t\t\t\t\tlg:py-[11.8rem] \n\t\t\t\t\toverflow-hidden\n\t\t\t\t\"\n\t\t\t>\n\t\t\t\t<div class=\"container\">\n\t\t\t\t\t<div \n\t\t\t\t\t\tclass=\"\n\t\t\t\t\t\t\tgrid\n\t\t\t\t\t\t\tgrid-cols-1\n\t\t\t\t\t\t\tlg:grid-cols-3\n\t\t\t\t\t\t\tgap-[4.5rem]\n\t\t\t\t\t\t\tlg:gap-[5rem]\n\t\t\t\t\t\t\"\n\t\t\t\t\t>\n\t\t\t\t\t\t<!-- Block 1 - products -->\n\t\t\t\t\t\t<div class=\"relative flex flex-col aspect-[330\/250] lg:aspect-square text-center z-[1]\">\n\t\t\t\t\t\t\t<!-- BG img -->\n\t\t\t\t\t\t\t<div \n\t\t\t\t\t\t\t\tclass=\"\n\t\t\t\t\t\t\t\t\tabsolute\n\t\t\t\t\t\t\t\t\ttop-0\n\t\t\t\t\t\t\t\t\tleft-0\n\t\t\t\t\t\t\t\t\tmin-w-full\n\t\t\t\t\t\t\t\t\tmax-w-full\n\t\t\t\t\t\t\t\t\tw-full\n\t\t\t\t\t\t\t\t\tmin-h-full\n\t\t\t\t\t\t\t\t\tmax-h-full\n\t\t\t\t\t\t\t\t\th-full\n\t\t\t\t\t\t\t\t\tflex\n\t\t\t\t\t\t\t\t\tbg-gray\n\t\t\t\t\t\t\t\t\tz-[-1]\n\t\t\t\t\t\t\t\t\"\n\t\t\t\t\t\t\t>\n\t\t\t\t\t\t\t\t<img loading=\"lazy\" decoding=\"async\" width=\"768\" height=\"513\" src=\"https:\/\/kdhome.pl\/wp-content\/uploads\/2024\/11\/pottery-768x513.png\" class=\" \n\t\t\t\t\t\t\t\t\t\t\t\tabsolute\n\t\t\t\t\t\t\t\t\t\t\t\ttop-0\n\t\t\t\t\t\t\t\t\t\t\t\tleft-0\n\t\t\t\t\t\t\t\t\t\t\t\tblock\n\t\t\t\t\t\t\t\t\t\t\t\tmin-w-full\n\t\t\t\t\t\t\t\t\t\t\t\tmax-w-full\n\t\t\t\t\t\t\t\t\t\t\t\tw-full\n\t\t\t\t\t\t\t\t\t\t\t\tmin-h-full\n\t\t\t\t\t\t\t\t\t\t\t\tmax-h-full\n\t\t\t\t\t\t\t\t\t\t\t\th-full\n\t\t\t\t\t\t\t\t\t\t\t\tobject-center\n\t\t\t\t\t\t\t\t\t\t\t\tobject-cover\n\t\t\t\t\t\t\t\t\t\t\t\" alt=\"\" srcset=\"https:\/\/kdhome.pl\/wp-content\/uploads\/2024\/11\/pottery-768x513.png 768w, https:\/\/kdhome.pl\/wp-content\/uploads\/2024\/11\/pottery-300x200.png 300w, https:\/\/kdhome.pl\/wp-content\/uploads\/2024\/11\/pottery-1024x684.png 1024w, https:\/\/kdhome.pl\/wp-content\/uploads\/2024\/11\/pottery-600x401.png 600w, https:\/\/kdhome.pl\/wp-content\/uploads\/2024\/11\/pottery.png 1472w\" sizes=\"auto, (max-width: 768px) 100vw, 768px\" \/>\t\t\t\t\t\t\t<\/div>\n\t\t\t\t\t\t\t<!-- Content -->\n\t\t\t\t\t\t\t\t\t\t\t\t\t\t\t\t<a \n\t\t\t\t\t\t\t\t\t\thref=\"https:\/\/kdhome.pl\/krystynka-2\/\"\n\t\t\t\t\t\t\t\t\t\ttarget=\"_self\"\n\t\t\t\t\t\t\t\t\t\tclass=\"flex flex-col items-center justify-center  min-h-full max-h-full h-full p-[4.6rem] lg:transition-color lg:duration-150 lg:hover:text-main-2 lg:focus-visible:text-main-2\"\n\t\t\t\t\t\t\t\t\t>\n\t\t\t\t\t\t\t\t\t\t<span class=\"flex flex-col items-center justify-center w-full bg-white bg-opacity-85 px-[1.2rem] py-[1.8rem]\">\n\t\t\t\t\t\t\t\t\t\t\t<h3 class=\"text-body-size 2xl:h3\">\n\t\t\t\t\t\t\t\t\t\t\t\tENTDECKEN SIE DIE PRODUKTE VON KRYSTYNK\t\t\t\t\t\t\t\t\t\t\t<\/h3>\n\t\t\t\t\t\t\t\t\t\t<\/span>\n\t\t\t\t\t\t\t\t\t<\/a>\n\t\t\t\t\t\t\t\t\t\t\t\t\t<\/div>\n\t\t\t\t\t\t<!-- Block 2 - shop -->\n\t\t\t\t\t\t<div class=\"flex flex-col aspect-[330\/250] lg:aspect-square bg-main-1 text-center\">\n\t\t\t\t\t\t\t<!-- Content -->\n\t\t\t\t\t\t\t\t\t\t\t\t\t\t\t\t<a \n\t\t\t\t\t\t\t\t\t\thref=\"https:\/\/kdhome.pl\/de\/b2b-shop\/\"\n\t\t\t\t\t\t\t\t\t\ttarget=\"_self\"\n\t\t\t\t\t\t\t\t\t\tclass=\"flex flex-col items-center justify-center gap-[2.1rem] min-h-full max-h-full h-full p-[4.6rem] lg:transition-color lg:duration-150 lg:hover:text-main-2 lg:focus-visible:text-main-2\"\n\t\t\t\t\t\t\t\t\t>\n\t\t\t\t\t\t\t\t\t\t<span \n\t\t\t\t\t\t\t\t\t\t\tclass=\"flex flex-col items-center justify-center min-w-full max-w-full w-full bg-white bg-opacity-85 px-[1.2rem] py-[1.8rem]\"\n\t\t\t\t\t\t\t\t\t\t>\n\t\t\t\t\t\t\t\t\t\t\t<h3 class=\"text-body-size 2xl:h3\">\n\t\t\t\t\t\t\t\t\t\t\t\t\t\t\t\t\t\t\t\t\t\t\t\t\t\tB2B-Shop\t\t\t\t\t\t\t\t\t\t\t\t\t\t\t\t\t\t\t\t\t\t\t<\/h3>\n\t\t\t\t\t\t\t\t\t\t<\/span>\n\t\t\t\t\t\t\t\t\t\t\t\t\t\t\t\t\t\t\t\t\t\t<p \n\t\t\t\t\t\t\t\t\t\t\t\t\tclass=\"btn btn-iconic text-white text-[1.6rem] max-w-max pr-[2.4rem] after:bg-main-2 after:rotate-180\"\n\t\t\t\t\t\t\t\t\t\t\t\t>\n\t\t\t\t\t\t\t\t\t\t\t\t\tSehen Sie sich das gesamte Sortiment an\t\t\t\t\t\t\t\t\t\t\t\t<\/p>\n\t\t\t\t\t\t\t\t\t\t\t\t\t\t\t\t\t\t\t<\/a>\n\t\t\t\t\t\t\t\t\t\t\t\t\t<\/div>\n\t\t\t\t\t\t<!-- Block 3 - catalogues -->\n\t\t\t\t\t\t<div class=\"relative flex flex-col items-center justify-center aspect-[330\/250] lg:aspect-square px-[4.6rem] py-[2.4rem]\">\n\t\t\t\t\t\t\t<!-- BG img -->\n\t\t\t\t\t\t\t<div \n\t\t\t\t\t\t\t\tclass=\"\n\t\t\t\t\t\t\t\t\tabsolute\n\t\t\t\t\t\t\t\t\ttop-0\n\t\t\t\t\t\t\t\t\tleft-0\n\t\t\t\t\t\t\t\t\tmin-w-full\n\t\t\t\t\t\t\t\t\tmax-w-full\n\t\t\t\t\t\t\t\t\tw-full\n\t\t\t\t\t\t\t\t\tmin-h-full\n\t\t\t\t\t\t\t\t\tmax-h-full\n\t\t\t\t\t\t\t\t\th-full\n\t\t\t\t\t\t\t\t\tflex\n\t\t\t\t\t\t\t\t\tbg-gray\n\t\t\t\t\t\t\t\t\tz-[-1]\n\t\t\t\t\t\t\t\t\"\n\t\t\t\t\t\t\t>\n\t\t\t\t\t\t\t\t<img loading=\"lazy\" decoding=\"async\" width=\"768\" height=\"511\" src=\"https:\/\/kdhome.pl\/wp-content\/uploads\/2024\/11\/catalogues-bg-768x511.png\" class=\" \n\t\t\t\t\t\t\t\t\t\t\t\tabsolute\n\t\t\t\t\t\t\t\t\t\t\t\ttop-0\n\t\t\t\t\t\t\t\t\t\t\t\tleft-0\n\t\t\t\t\t\t\t\t\t\t\t\tblock\n\t\t\t\t\t\t\t\t\t\t\t\tmin-w-full\n\t\t\t\t\t\t\t\t\t\t\t\tmax-w-full\n\t\t\t\t\t\t\t\t\t\t\t\tw-full\n\t\t\t\t\t\t\t\t\t\t\t\tmin-h-full\n\t\t\t\t\t\t\t\t\t\t\t\tmax-h-full\n\t\t\t\t\t\t\t\t\t\t\t\th-full\n\t\t\t\t\t\t\t\t\t\t\t\tobject-center\n\t\t\t\t\t\t\t\t\t\t\t\tobject-cover\n\t\t\t\t\t\t\t\t\t\t\t\" alt=\"\" srcset=\"https:\/\/kdhome.pl\/wp-content\/uploads\/2024\/11\/catalogues-bg-768x511.png 768w, https:\/\/kdhome.pl\/wp-content\/uploads\/2024\/11\/catalogues-bg-300x200.png 300w, https:\/\/kdhome.pl\/wp-content\/uploads\/2024\/11\/catalogues-bg-1024x681.png 1024w, https:\/\/kdhome.pl\/wp-content\/uploads\/2024\/11\/catalogues-bg-600x399.png 600w, https:\/\/kdhome.pl\/wp-content\/uploads\/2024\/11\/catalogues-bg.png 1360w\" sizes=\"auto, (max-width: 768px) 100vw, 768px\" \/>\t\t\t\t\t\t\t<\/div>\n\t\t\t\t\t\t\t\t\t\t\t\t\t\t\t\t<ul class=\"list-none flex flex-col items-center justify-center gap-[3.4rem]\">\n\t\t\t\t\t\t\t\t\t\t\t\t\t\t\t\t\t\t\t\t\t\t<li class=\"flex flex-col w-full bg-white rounded-lg\">\n\t\t\t\t\t\t\t\t\t\t\t\t\t<div class=\"flex flex-col items-center justify-center py-[1.1855rem] px-[4.2rem]\">\n\t\t\t\t\t\t\t\t\t\t\t\t\t\t<img loading=\"lazy\" decoding=\"async\" width=\"116\" height=\"28\" src=\"https:\/\/kdhome.pl\/wp-content\/uploads\/2024\/11\/logo-krystynka-blue.svg\" class=\" \n\t\t\t\t\t\t\t\t\t\t\t\t\t\t\t\t\t\tblock\n\t\t\t\t\t\t\t\t\t\t\t\t\t\t\t\t\t\tmin-w-full\n\t\t\t\t\t\t\t\t\t\t\t\t\t\t\t\t\t\tmax-w-full\n\t\t\t\t\t\t\t\t\t\t\t\t\t\t\t\t\t\tw-full\n\t\t\t\t\t\t\t\t\t\t\t\t\t\t\t\t\t\th-auto\n\t\t\t\t\t\t\t\t\t\t\t\t\t\t\t\t\t\tobject-center\n\t\t\t\t\t\t\t\t\t\t\t\t\t\t\t\t\t\tobject-cover\n\t\t\t\t\t\t\t\t\t\t\t\t\t\t\t\t\t\" alt=\"\" \/>\t\t\t\t\t\t\t\t\t\t\t\t\t<\/div>\n\t\t\t\t\t\t\t\t\t\t\t\t\t\t\t\t\t\t\t\t\t\t\t\t\t\t\t\t<a \n\t\t\t\t\t\t\t\t\t\t\t\t\t\t\t\thref=\"https:\/\/kdhome.pl\/wp-content\/uploads\/2024\/11\/cta-5.jpg\"\n\t\t\t\t\t\t\t\t\t\t\t\t\t\t\t\ttarget=\"_blank\"\n\t\t\t\t\t\t\t\t\t\t\t\t\t\t\t\tclass=\"btn btn-secondary-iconic\"\n\t\t\t\t\t\t\t\t\t\t\t\t\t\t\t>\n\t\t\t\t\t\t\t\t\t\t\t\t\t\t\t\tKATALOG HERUNTERLADEN\t\t\t\t\t\t\t\t\t\t\t\t\t\t\t<\/a>\n\t\t\t\t\t\t\t\t\t\t\t\t\t\t\t\t\t\t\t\t\t\t\t\t\t<\/li>\n\t\t\t\t\t\t\t\t\t\t\t\t\t\t\t\t\t\t\t<\/ul>\n\t\t\t\t\t\t\t\t\t\t\t\t\t<\/div>\n\t\t\t\t\t<\/div>\n\t\t\t\t<\/div>\n\t\t\t<\/div>\n\t\t<\/section>","protected":false},"excerpt":{"rendered":"","protected":false},"author":1,"featured_media":0,"parent":0,"menu_order":0,"comment_status":"closed","ping_status":"closed","template":"","meta":{"_acf_changed":false,"footnotes":""},"class_list":["post-19472","page","type-page","status-publish","hentry"],"acf":[],"yoast_head":"<!-- This site is optimized with the Yoast SEO plugin v25.1 - https:\/\/yoast.com\/wordpress\/plugins\/seo\/ -->\n<title>KRYSTYNKA - KD Home<\/title>\n<meta name=\"robots\" content=\"noindex, follow, max-snippet:-1, max-image-preview:large, max-video-preview:-1\" \/>\n<meta property=\"og:locale\" content=\"de_DE\" \/>\n<meta property=\"og:type\" content=\"article\" \/>\n<meta property=\"og:title\" content=\"KRYSTYNKA - KD Home\" \/>\n<meta property=\"og:url\" content=\"https:\/\/kdhome.pl\/de\/krystynka-2\/\" \/>\n<meta property=\"og:site_name\" content=\"KD Home\" \/>\n<meta property=\"article:modified_time\" content=\"2025-12-31T03:48:16+00:00\" \/>\n<meta name=\"twitter:card\" content=\"summary_large_image\" \/>\n<script type=\"application\/ld+json\" class=\"yoast-schema-graph\">{\"@context\":\"https:\/\/schema.org\",\"@graph\":[{\"@type\":\"WebPage\",\"@id\":\"https:\/\/kdhome.pl\/de\/krystynka-2\/\",\"url\":\"https:\/\/kdhome.pl\/de\/krystynka-2\/\",\"name\":\"KRYSTYNKA - KD Home\",\"isPartOf\":{\"@id\":\"https:\/\/kdhome.pl\/de\/#website\"},\"datePublished\":\"2024-11-20T21:38:06+00:00\",\"dateModified\":\"2025-12-31T03:48:16+00:00\",\"breadcrumb\":{\"@id\":\"https:\/\/kdhome.pl\/de\/krystynka-2\/#breadcrumb\"},\"inLanguage\":\"de\",\"potentialAction\":[{\"@type\":\"ReadAction\",\"target\":[\"https:\/\/kdhome.pl\/de\/krystynka-2\/\"]}]},{\"@type\":\"BreadcrumbList\",\"@id\":\"https:\/\/kdhome.pl\/de\/krystynka-2\/#breadcrumb\",\"itemListElement\":[{\"@type\":\"ListItem\",\"position\":1,\"name\":\"KD HOME\",\"item\":\"https:\/\/kdhome.pl\/de\/\"},{\"@type\":\"ListItem\",\"position\":2,\"name\":\"KRYSTYNKA\"}]},{\"@type\":\"WebSite\",\"@id\":\"https:\/\/kdhome.pl\/de\/#website\",\"url\":\"https:\/\/kdhome.pl\/de\/\",\"name\":\"KD Home\",\"description\":\"\",\"publisher\":{\"@id\":\"https:\/\/kdhome.pl\/de\/#organization\"},\"potentialAction\":[{\"@type\":\"SearchAction\",\"target\":{\"@type\":\"EntryPoint\",\"urlTemplate\":\"https:\/\/kdhome.pl\/de\/?s={search_term_string}\"},\"query-input\":{\"@type\":\"PropertyValueSpecification\",\"valueRequired\":true,\"valueName\":\"search_term_string\"}}],\"inLanguage\":\"de\"},{\"@type\":\"Organization\",\"@id\":\"https:\/\/kdhome.pl\/de\/#organization\",\"name\":\"KD Home\",\"url\":\"https:\/\/kdhome.pl\/de\/\",\"logo\":{\"@type\":\"ImageObject\",\"inLanguage\":\"de\",\"@id\":\"https:\/\/kdhome.pl\/de\/#\/schema\/logo\/image\/\",\"url\":\"https:\/\/kdhome.pl\/wp-content\/uploads\/2024\/11\/logo.svg\",\"contentUrl\":\"https:\/\/kdhome.pl\/wp-content\/uploads\/2024\/11\/logo.svg\",\"width\":233,\"height\":40,\"caption\":\"KD Home\"},\"image\":{\"@id\":\"https:\/\/kdhome.pl\/de\/#\/schema\/logo\/image\/\"}}]}<\/script>\n<!-- \/ Yoast SEO plugin. -->","yoast_head_json":{"title":"KRYSTYNKA - KD Home","robots":{"index":"noindex","follow":"follow","max-snippet":"max-snippet:-1","max-image-preview":"max-image-preview:large","max-video-preview":"max-video-preview:-1"},"og_locale":"de_DE","og_type":"article","og_title":"KRYSTYNKA - KD Home","og_url":"https:\/\/kdhome.pl\/de\/krystynka-2\/","og_site_name":"KD Home","article_modified_time":"2025-12-31T03:48:16+00:00","twitter_card":"summary_large_image","schema":{"@context":"https:\/\/schema.org","@graph":[{"@type":"WebPage","@id":"https:\/\/kdhome.pl\/de\/krystynka-2\/","url":"https:\/\/kdhome.pl\/de\/krystynka-2\/","name":"KRYSTYNKA - KD Home","isPartOf":{"@id":"https:\/\/kdhome.pl\/de\/#website"},"datePublished":"2024-11-20T21:38:06+00:00","dateModified":"2025-12-31T03:48:16+00:00","breadcrumb":{"@id":"https:\/\/kdhome.pl\/de\/krystynka-2\/#breadcrumb"},"inLanguage":"de","potentialAction":[{"@type":"ReadAction","target":["https:\/\/kdhome.pl\/de\/krystynka-2\/"]}]},{"@type":"BreadcrumbList","@id":"https:\/\/kdhome.pl\/de\/krystynka-2\/#breadcrumb","itemListElement":[{"@type":"ListItem","position":1,"name":"KD HOME","item":"https:\/\/kdhome.pl\/de\/"},{"@type":"ListItem","position":2,"name":"KRYSTYNKA"}]},{"@type":"WebSite","@id":"https:\/\/kdhome.pl\/de\/#website","url":"https:\/\/kdhome.pl\/de\/","name":"KD Home","description":"","publisher":{"@id":"https:\/\/kdhome.pl\/de\/#organization"},"potentialAction":[{"@type":"SearchAction","target":{"@type":"EntryPoint","urlTemplate":"https:\/\/kdhome.pl\/de\/?s={search_term_string}"},"query-input":{"@type":"PropertyValueSpecification","valueRequired":true,"valueName":"search_term_string"}}],"inLanguage":"de"},{"@type":"Organization","@id":"https:\/\/kdhome.pl\/de\/#organization","name":"KD Home","url":"https:\/\/kdhome.pl\/de\/","logo":{"@type":"ImageObject","inLanguage":"de","@id":"https:\/\/kdhome.pl\/de\/#\/schema\/logo\/image\/","url":"https:\/\/kdhome.pl\/wp-content\/uploads\/2024\/11\/logo.svg","contentUrl":"https:\/\/kdhome.pl\/wp-content\/uploads\/2024\/11\/logo.svg","width":233,"height":40,"caption":"KD Home"},"image":{"@id":"https:\/\/kdhome.pl\/de\/#\/schema\/logo\/image\/"}}]}},"_links":{"self":[{"href":"https:\/\/kdhome.pl\/de\/wp-json\/wp\/v2\/pages\/19472","targetHints":{"allow":["GET"]}}],"collection":[{"href":"https:\/\/kdhome.pl\/de\/wp-json\/wp\/v2\/pages"}],"about":[{"href":"https:\/\/kdhome.pl\/de\/wp-json\/wp\/v2\/types\/page"}],"author":[{"embeddable":true,"href":"https:\/\/kdhome.pl\/de\/wp-json\/wp\/v2\/users\/1"}],"replies":[{"embeddable":true,"href":"https:\/\/kdhome.pl\/de\/wp-json\/wp\/v2\/comments?post=19472"}],"version-history":[{"count":1,"href":"https:\/\/kdhome.pl\/de\/wp-json\/wp\/v2\/pages\/19472\/revisions"}],"predecessor-version":[{"id":19493,"href":"https:\/\/kdhome.pl\/de\/wp-json\/wp\/v2\/pages\/19472\/revisions\/19493"}],"wp:attachment":[{"href":"https:\/\/kdhome.pl\/de\/wp-json\/wp\/v2\/media?parent=19472"}],"curies":[{"name":"wp","href":"https:\/\/api.w.org\/{rel}","templated":true}]}}