{"id":19463,"date":"2024-11-20T16:22:29","date_gmt":"2024-11-20T15:22:29","guid":{"rendered":"https:\/\/kdhome.pl\/kontakt\/"},"modified":"2025-12-31T04:50:05","modified_gmt":"2025-12-31T03:50:05","slug":"kontakt","status":"publish","type":"page","link":"https:\/\/kdhome.pl\/de\/kontakt\/","title":{"rendered":"Kontakt"},"content":{"rendered":"<!-- hero-banner-contact-section -->\n\t\t<section id=\"\" class=\"hero-banner-contact-section\">\n\t\t\t<div\n\t\t\t\tclass=\"\n\t\t\t\t\trelative\n\t\t\t\t\tmin-w-full \n\t\t\t\t\tmax-w-full \n\t\t\t\t\tw-full\n\t\t\t\t\toverflow-hidden\n\t\t\t\t\"\n\t\t\t>\n\t\t\t\t<div \n\t\t\t\t\tclass=\"\n\t\t\t\t\t\trelative \n\t\t\t\t\t\tflex \n\t\t\t\t\t\tflex-col\n\t\t\t\t\t\tpy-[16.3rem]\n\t\t\t\t\t\tz-[1]\n\t\t\t\t\t\"\n\t\t\t\t>\n\t\t\t\t\t<div \n\t\t\t\t\t\tclass=\"\n\t\t\t\t\t\t\tabsolute\n\t\t\t\t\t\t\ttop-0\n\t\t\t\t\t\t\tleft-0\n\t\t\t\t\t\t\tmin-w-full\n\t\t\t\t\t\t\tmax-w-full\n\t\t\t\t\t\t\tw-full\n\t\t\t\t\t\t\tmin-h-full\n\t\t\t\t\t\t\tmax-h-full\n\t\t\t\t\t\t\th-full\n\t\t\t\t\t\t\tobject-center\n\t\t\t\t\t\t\tobject-cover\n\t\t\t\t\t\t\tz-[-1]\n\t\t\t\t\t\t\tbefore:absolute\n\t\t\t\t\t\t\tbefore:inset-0\n\t\t\t\t\t\t\tbefore:bg-black\n\t\t\t\t\t\t\tbefore:bg-opacity-30\n\t\t\t\t\t\t\tbefore:z-[1]\n\t\t\t\t\t\t\"\n\t\t\t\t\t>\n\t\t\t\t\t\t<img loading=\"lazy\" decoding=\"async\" width=\"700\" height=\"467\" src=\"https:\/\/kdhome.pl\/wp-content\/uploads\/2024\/11\/hero-banner-contact.jpg\" class=\"\n\t\t\t\t\t\t\t\t\t\tblock\n\t\t\t\t\t\t\t\t\t\tmin-w-full\n\t\t\t\t\t\t\t\t\t\tmax-w-full\n\t\t\t\t\t\t\t\t\t\tw-full\n\t\t\t\t\t\t\t\t\t\tmin-h-full\n\t\t\t\t\t\t\t\t\t\tmax-h-full\n\t\t\t\t\t\t\t\t\t\th-full\n\t\t\t\t\t\t\t\t\t\tobject-center\n\t\t\t\t\t\t\t\t\t\tobject-cover\n\t\t\t\t\t\t\t\t\t\" alt=\"\" srcset=\"https:\/\/kdhome.pl\/wp-content\/uploads\/2024\/11\/hero-banner-contact.jpg 700w, https:\/\/kdhome.pl\/wp-content\/uploads\/2024\/11\/hero-banner-contact-300x200.jpg 300w, https:\/\/kdhome.pl\/wp-content\/uploads\/2024\/11\/hero-banner-contact-600x400.jpg 600w\" sizes=\"auto, (max-width: 700px) 100vw, 700px\" \/>\t\t\t\t\t<\/div>\n\t\t\t\t\t<div class=\"container\">\n\t\t\t\t\t\t<div \n\t\t\t\t\t\t\tclass=\"\n\t\t\t\t\t\t\t\tflex \n\t\t\t\t\t\t\t\tflex-col\n\t\t\t\t\t\t\t\tgap-[14.4rem]\n\t\t\t\t\t\t\t\tlg:gap-[5.3rem]\n\t\t\t\t\t\t\t\"\n\t\t\t\t\t\t>\n\t\t\t\t\t\t\t<!-- Section heading -->\n\t\t\t\t\t\t\t<h1 class=\"relative text-white text-[5rem] lg:text-[10rem] font-extrabold leading-[1.1718] text-center uppercase overflow-hidden\">\n\t\t\t\t\t\t\t\tKontakt\t\t\t\t\t\t\t<\/h1>\n\t\t\t\t\t\t\t\t\t\t\t\t\t\t\t\t<div \n\t\t\t\t\t\t\t\t\t\tclass=\"\n\t\t\t\t\t\t\t\t\t\t\trelative \n\t\t\t\t\t\t\t\t\t\t\tflex \n\t\t\t\t\t\t\t\t\t\t\tflex-col \n\t\t\t\t\t\t\t\t\t\t\tgap-[2.5rem]\n\t\t\t\t\t\t\t\t\t\t\tbg-white \n\t\t\t\t\t\t\t\t\t\t\tbg-opacity-85 \n\t\t\t\t\t\t\t\t\t\t\tpx-[5.8rem] \n\t\t\t\t\t\t\t\t\t\t\tpt-[4.6rem] \n\t\t\t\t\t\t\t\t\t\t\tpb-[7rem] \n\t\t\t\t\t\t\t\t\t\t\tlg:pt-[6.5rem] \n\t\t\t\t\t\t\t\t\t\t\tlg:pb-[8.3rem]\n\t\t\t\t\t\t\t\t\t\t\tlg:px-[23.3rem]\n\t\t\t\t\t\t\t\t\t\t\tbefore:absolute\n\t\t\t\t\t\t\t\t\t\t\tbefore:left-0\n\t\t\t\t\t\t\t\t\t\t\tbefore:bottom-[2.6rem]\n\t\t\t\t\t\t\t\t\t\t\tlg:before:bottom-[2.82rem]\n\t\t\t\t\t\t\t\t\t\t\tbefore:w-[10rem]\n\t\t\t\t\t\t\t\t\t\t\tbefore:h-[3.78rem]\n\t\t\t\t\t\t\t\t\t\t\tbefore:bg-main-1\n\t\t\t\t\t\t\t\t\t\t\tbefore:transform\n\t\t\t\t\t\t\t\t\t\t\tbefore:translate-x-[-50%]\n\t\t\t\t\t\t\t\t\t\t\tafter:absolute\n\t\t\t\t\t\t\t\t\t\t\tafter:right-0\n\t\t\t\t\t\t\t\t\t\t\tafter:top-[3.5rem]\n\t\t\t\t\t\t\t\t\t\t\tlg:after:bottom-[3.8rem]\n\t\t\t\t\t\t\t\t\t\t\tafter:w-[10rem]\n\t\t\t\t\t\t\t\t\t\t\tafter:h-[3.78rem]\n\t\t\t\t\t\t\t\t\t\t\tafter:bg-main-2\n\t\t\t\t\t\t\t\t\t\t\tafter:transform\n\t\t\t\t\t\t\t\t\t\t\tafter:translate-x-[50%]\n\t\t\t\t\t\t\t\t\t\t\"\n\t\t\t\t\t\t\t\t\t>\n\t\t\t\t\t\t\t\t\t\t\t\t\t\t\t\t\t\t\t\t\t\t<h3 \n\t\t\t\t\t\t\t\t\t\t\t\t\tclass=\"\n\t\t\t\t\t\t\t\t\t\t\t\t\t\ttext-body-size font-bold\n\t\t\t\t\t\t\t\t\t\t\t\t\t\"\n\t\t\t\t\t\t\t\t\t\t\t\t>\n\t\t\t\t\t\t\t\t\t\t\t\t\tKontaktdaten\t\t\t\t\t\t\t\t\t\t\t\t<\/h3>\n\t\t\t\t\t\t\t\t\t\t\t\t\t\t\t\t\t\t\t\t<div class=\"grid grid-cols-1 lg:grid-cols-2 gap-[2.3rem] lg:gap-[13.2rem]\">\n\t\t\t\t\t\t\t\t\t\t\t\t\t\t\t\t\t\t\t\t\t\t\t\t<div class=\"wysiwyg\">\n\t\t\t\t\t\t\t\t\t\t\t\t\t\t<p>KD HOME Krystynka Drabik Sp. z o.o. K.<br \/>\nul. Kazimierza Wielkiego 234<br \/>\n32-400 My\u015blenice, Polen<\/p>\n<div id=\"ag-popper-container-1756978063951\" class=\"ag-translate-popper-host\"><\/div>\n<p><script src=\"chrome-extension:\/\/bincmiainjofjnhchmcalkanjebghoen\/aiscripts\/script-main.js\"><\/script><\/p>\n\t\t\t\t\t\t\t\t\t\t\t\t\t<\/div>\n\t\t\t\t\t\t\t\t\t\t\t\t\t\t\t\t\t\t\t\t\t\t\t\t\t\t\t\t\t\t\t\t\t\t\t<div class=\"wysiwyg\">\n\t\t\t\t\t\t\t\t\t\t\t\t\t\t<p>tel. <a href=\"tel:+48 12 274 12 63\">+48 12 274 12 63<\/a><br \/>\n<a href=\"http:\/\/www.krystynka.com\">www.kdhome.pl<\/a><br \/>\n<a href=\"mailto:biuro@krystynka.com\">biuro@krystynka.com<\/a><\/p>\n<div id=\"ag-popper-container-1756978063985\" class=\"ag-translate-popper-host\"><\/div>\n<p><script src=\"chrome-extension:\/\/bincmiainjofjnhchmcalkanjebghoen\/aiscripts\/script-main.js\"><\/script><\/p>\n\t\t\t\t\t\t\t\t\t\t\t\t\t<\/div>\n\t\t\t\t\t\t\t\t\t\t\t\t\t\t\t\t\t\t\t\t\t<\/div>\n\t\t\t\t\t\t\t\t\t<\/div>\n\t\t\t\t\t\t\t\t\t\t\t\t\t\t\t\t\t\t\t\t\t\t\t<div \n\t\t\t\t\t\t\t\t\t\tclass=\"\n\t\t\t\t\t\t\t\t\t\t\trelative \n\t\t\t\t\t\t\t\t\t\t\tflex \n\t\t\t\t\t\t\t\t\t\t\tflex-col \n\t\t\t\t\t\t\t\t\t\t\tbg-white \n\t\t\t\t\t\t\t\t\t\t\tbg-opacity-85 \n\t\t\t\t\t\t\t\t\t\t\tpx-[5.8rem] \n\t\t\t\t\t\t\t\t\t\t\tpt-[4.6rem] \n\t\t\t\t\t\t\t\t\t\t\tpb-[7rem] \n\t\t\t\t\t\t\t\t\t\t\tlg:pt-[6.5rem] \n\t\t\t\t\t\t\t\t\t\t\tlg:pb-[8.3rem]\n\t\t\t\t\t\t\t\t\t\t\tlg:px-[23.3rem]\n\t\t\t\t\t\t\t\t\t\t\tbefore:absolute\n\t\t\t\t\t\t\t\t\t\t\tbefore:left-0\n\t\t\t\t\t\t\t\t\t\t\tbefore:bottom-[2.6rem]\n\t\t\t\t\t\t\t\t\t\t\tlg:before:bottom-[2.82rem]\n\t\t\t\t\t\t\t\t\t\t\tbefore:w-[3.7rem]\n\t\t\t\t\t\t\t\t\t\t\tbefore:h-[5.6rem]\n\t\t\t\t\t\t\t\t\t\t\tlg:before:w-[6.544rem]\n\t\t\t\t\t\t\t\t\t\t\tlg:before:h-[10rem]\n\t\t\t\t\t\t\t\t\t\t\tbefore:bg-main-2\n\t\t\t\t\t\t\t\t\t\t\tbefore:mask-[var(--icon-url)]\n\t\t\t\t\t\t\t\t\t\t\tbefore:mask-position-center\n\t\t\t\t\t\t\t\t\t\t\tbefore:mask-size-cover\n\t\t\t\t\t\t\t\t\t\t\tbefore:mask-no-repeat\n\t\t\t\t\t\t\t\t\t\t\tbefore:transform\n\t\t\t\t\t\t\t\t\t\t\tbefore:translate-x-[-50%]\n\t\t\t\t\t\t\t\t\t\t\tbefore:scale-x-[-1]\n\t\t\t\t\t\t\t\t\t\t\tafter:absolute\n\t\t\t\t\t\t\t\t\t\t\tafter:right-0\n\t\t\t\t\t\t\t\t\t\t\tafter:top-[3.5rem]\n\t\t\t\t\t\t\t\t\t\t\tlg:after:bottom-[3.8rem]\n\t\t\t\t\t\t\t\t\t\t\tafter:w-[3.7rem]\n\t\t\t\t\t\t\t\t\t\t\tafter:h-[5.6rem]\n\t\t\t\t\t\t\t\t\t\t\tlg:after:w-[6.544rem]\n\t\t\t\t\t\t\t\t\t\t\tlg:after:h-[10rem]\n\t\t\t\t\t\t\t\t\t\t\tafter:bg-main-1\n\t\t\t\t\t\t\t\t\t\t\tafter:mask-[var(--icon-url)]\n\t\t\t\t\t\t\t\t\t\t\tafter:mask-position-center\n\t\t\t\t\t\t\t\t\t\t\tafter:mask-size-cover\n\t\t\t\t\t\t\t\t\t\t\tafter:mask-no-repeat\n\t\t\t\t\t\t\t\t\t\t\tafter:transform\n\t\t\t\t\t\t\t\t\t\t\tafter:translate-x-[50%]\n\t\t\t\t\t\t\t\t\t\t\"\n\t\t\t\t\t\t\t\t\t\tstyle=\"--icon-url: url(https:\/\/kdhome.pl\/wp-content\/themes\/kdhome\/assets\/images\/decor.svg);\"\n\t\t\t\t\t\t\t\t\t>\n\t\t\t\t\t\t\t\t\t\t<div class=\"grid grid-cols-1 lg:grid-cols-2 gap-[2.3rem] lg:gap-[13.2rem]\">\n\t\t\t\t\t\t\t\t\t\t\t\t\t\t\t\t\t\t\t\t\t\t\t\t<div class=\"wysiwyg\">\n\t\t\t\t\t\t\t\t\t\t\t\t\t\t<p><strong>Przedstawiciele handlowi:<\/strong><\/p>\n<p>Marek Kuras<br \/>\nMobile <a href=\"tel:+48 603 077 175\">+48 603 077 175<\/a><br \/>\n<a href=\"mailto:marek@krystynka.com\">marek@krystynka.com<\/a><\/p>\n<p>Dawid \u017b\u0105d\u0142o<br \/>\nMobile <a href=\"tel:+48 531 463 869\">+48 531 463 869<\/a><br \/>\n<a href=\"mailto:dawid@krystynka.com\">dawid@krystynka.com<\/a><\/p>\n<p>Jakub Drabik<br \/>\nMobile <a href=\"tel:+48 881 407 266\">+48 881 407 266<\/a><br \/>\n<a href=\"mailto:export@krystynka.com\">export@krystynka.com<\/a><\/p>\n<div id=\"ag-popper-container-1756978064020\" class=\"ag-translate-popper-host\"><\/div>\n<p><script src=\"chrome-extension:\/\/bincmiainjofjnhchmcalkanjebghoen\/aiscripts\/script-main.js\"><\/script><\/p>\n\t\t\t\t\t\t\t\t\t\t\t\t\t<\/div>\n\t\t\t\t\t\t\t\t\t\t\t\t\t\t\t\t\t\t\t\t\t\t\t\t\t\t\t\t\t\t\t\t\t\t\t<div class=\"wysiwyg\">\n\t\t\t\t\t\t\t\t\t\t\t\t\t\t<p><strong>Export:<\/strong><\/p>\n<p>Jakub Drabik<br \/>\nMobile <a href=\"tel:+48 881 407 266\">+48 881 407 266<\/a><br \/>\n<a href=\"mailto:export@krystynka.com\">export@krystynka.com<\/a><\/p>\n<p><strong>Sieci handlowe:<\/strong><\/p>\n<p>Drabik Krzysztof<br \/>\nMobile <a href=\"tel:+48 693 284 287\">+48 693 284 287<\/a><br \/>\n<a href=\"mailto:kdrabik@krystynka.com\">kdrabik@krystynka.com<\/a><\/p>\n<div id=\"ag-popper-container-1756978064058\" class=\"ag-translate-popper-host\"><\/div>\n<p><script src=\"chrome-extension:\/\/bincmiainjofjnhchmcalkanjebghoen\/aiscripts\/script-main.js\"><\/script><\/p>\n\t\t\t\t\t\t\t\t\t\t\t\t\t<\/div>\n\t\t\t\t\t\t\t\t\t\t\t\t\t\t\t\t\t\t\t\t\t<\/div>\n\t\t\t\t\t\t\t\t\t<\/div>\n\t\t\t\t\t\t\t\t\t\t\t\t\t<\/div>\n\t\t\t\t\t<\/div>\n\t\t\t\t<\/div>\n\t\t\t\t<!-- Breadcrumbs -->\n\t\t\t\t<div \n\t\t\t\t\tclass=\"\n\t\t\t\t\t\tbreadcrumbs-wrapper\n\t\t\t\t\t\tabsolute\n\t\t\t\t\t\ttop-0\n\t\t\t\t\t\tleft-0\n\t\t\t\t\t\tpy-[3.6rem]\n\t\t\t\t\t\tpx-[3.5rem]\n\t\t\t\t\t\tlg:px-[8.7rem]\n\t\t\t\t\t\tz-[1]\n\t\t\t\t\t\"\n\t\t\t\t>\n\t\t\t\t\t<span><span><a href=\"https:\/\/kdhome.pl\/de\/\">KD HOME<\/a><\/span><\/span>\t\t\t\t<\/div>\n\t\t\t<\/div>\t\n\t\t<\/section><p><\/p><!-- map-section -->\n\t\t<section \n\t\t\tid=\"\" \n\t\t\tclass=\"map-section\"\n\t\t>\n\t\t\t<div class=\"flex flex-col overflow-hidden\">\n\t\t\t\t<div \n\t\t\t\t\tclass=\"\n\t\t\t\t\t\tflex \n\t\t\t\t\t\tflex-col \n\t\t\t\t\t\tpy-[4.5rem]\n\t\t\t\t\t\tlg:py-[6.4rem] \n\t\t\t\t\t\"\n\t\t\t\t>\n\t\t\t\t\t<div class=\"container\">\n\t\t\t\t\t\t<!-- Content -->\n\t\t\t\t\t\t<div \n\t\t\t\t\t\t\tclass=\"\n\t\t\t\t\t\t\t\tflex \n\t\t\t\t\t\t\t\tflex-col \n\t\t\t\t\t\t\t\tbg-gray\n\t\t\t\t\t\t\t\taspect-[330\/486]\n\t\t\t\t\t\t\t\tlg:aspect-[1360\/650]\n\t\t\t\t\t\t\t\"\n\t\t\t\t\t\t>\n\t\t\t\t\t\t\t<iframe loading=\"lazy\" class=\"min-w-full max-w-full w-full min-h-full max-h-full h-full\" width=\"100%\" height=\"600\" frameborder=\"0\" scrolling=\"no\" marginheight=\"0\" marginwidth=\"0\" src=\"https:\/\/maps.google.com\/maps?width=100%25&amp;height=600&amp;hl=en&amp;q=Kazimierza%20Wielkiego%20234,%2032-400%20My%C5%9Blenice,%20Polska+(KD%20HOME%20KRYSTYNKA%20DRABIK%20SP%C3%93%C5%81KA%20KOMANDYTOW)&amp;t=&amp;z=14&amp;ie=UTF8&amp;iwloc=B&amp;output=embed\"><\/iframe>\n\t\t\t\t\t\t<\/div>\n\t\t\t\t\t<\/div>\n\t\t\t\t<\/div>\n\t\t\t<\/div>\n\t\t<\/section>","protected":false},"excerpt":{"rendered":"","protected":false},"author":1,"featured_media":0,"parent":0,"menu_order":0,"comment_status":"closed","ping_status":"closed","template":"","meta":{"_acf_changed":false,"footnotes":""},"class_list":["post-19463","page","type-page","status-publish","hentry"],"acf":[],"yoast_head":"<!-- This site is optimized with the Yoast SEO plugin v25.1 - https:\/\/yoast.com\/wordpress\/plugins\/seo\/ -->\n<title>Kontakt - KD Home<\/title>\n<meta name=\"robots\" content=\"noindex, follow, max-snippet:-1, max-image-preview:large, max-video-preview:-1\" \/>\n<meta property=\"og:locale\" content=\"de_DE\" \/>\n<meta property=\"og:type\" content=\"article\" \/>\n<meta property=\"og:title\" content=\"Kontakt - KD Home\" \/>\n<meta property=\"og:url\" content=\"https:\/\/kdhome.pl\/de\/kontakt\/\" \/>\n<meta property=\"og:site_name\" content=\"KD Home\" \/>\n<meta property=\"article:modified_time\" content=\"2025-12-31T03:50:05+00:00\" \/>\n<meta name=\"twitter:card\" content=\"summary_large_image\" \/>\n<script type=\"application\/ld+json\" class=\"yoast-schema-graph\">{\"@context\":\"https:\/\/schema.org\",\"@graph\":[{\"@type\":\"WebPage\",\"@id\":\"https:\/\/kdhome.pl\/de\/kontakt\/\",\"url\":\"https:\/\/kdhome.pl\/de\/kontakt\/\",\"name\":\"Kontakt - KD Home\",\"isPartOf\":{\"@id\":\"https:\/\/kdhome.pl\/de\/#website\"},\"datePublished\":\"2024-11-20T15:22:29+00:00\",\"dateModified\":\"2025-12-31T03:50:05+00:00\",\"breadcrumb\":{\"@id\":\"https:\/\/kdhome.pl\/de\/kontakt\/#breadcrumb\"},\"inLanguage\":\"de\",\"potentialAction\":[{\"@type\":\"ReadAction\",\"target\":[\"https:\/\/kdhome.pl\/de\/kontakt\/\"]}]},{\"@type\":\"BreadcrumbList\",\"@id\":\"https:\/\/kdhome.pl\/de\/kontakt\/#breadcrumb\",\"itemListElement\":[{\"@type\":\"ListItem\",\"position\":1,\"name\":\"KD HOME\",\"item\":\"https:\/\/kdhome.pl\/de\/\"},{\"@type\":\"ListItem\",\"position\":2,\"name\":\"Kontakt\"}]},{\"@type\":\"WebSite\",\"@id\":\"https:\/\/kdhome.pl\/de\/#website\",\"url\":\"https:\/\/kdhome.pl\/de\/\",\"name\":\"KD Home\",\"description\":\"\",\"publisher\":{\"@id\":\"https:\/\/kdhome.pl\/de\/#organization\"},\"potentialAction\":[{\"@type\":\"SearchAction\",\"target\":{\"@type\":\"EntryPoint\",\"urlTemplate\":\"https:\/\/kdhome.pl\/de\/?s={search_term_string}\"},\"query-input\":{\"@type\":\"PropertyValueSpecification\",\"valueRequired\":true,\"valueName\":\"search_term_string\"}}],\"inLanguage\":\"de\"},{\"@type\":\"Organization\",\"@id\":\"https:\/\/kdhome.pl\/de\/#organization\",\"name\":\"KD Home\",\"url\":\"https:\/\/kdhome.pl\/de\/\",\"logo\":{\"@type\":\"ImageObject\",\"inLanguage\":\"de\",\"@id\":\"https:\/\/kdhome.pl\/de\/#\/schema\/logo\/image\/\",\"url\":\"https:\/\/kdhome.pl\/wp-content\/uploads\/2024\/11\/logo.svg\",\"contentUrl\":\"https:\/\/kdhome.pl\/wp-content\/uploads\/2024\/11\/logo.svg\",\"width\":233,\"height\":40,\"caption\":\"KD Home\"},\"image\":{\"@id\":\"https:\/\/kdhome.pl\/de\/#\/schema\/logo\/image\/\"}}]}<\/script>\n<!-- \/ Yoast SEO plugin. -->","yoast_head_json":{"title":"Kontakt - KD Home","robots":{"index":"noindex","follow":"follow","max-snippet":"max-snippet:-1","max-image-preview":"max-image-preview:large","max-video-preview":"max-video-preview:-1"},"og_locale":"de_DE","og_type":"article","og_title":"Kontakt - KD Home","og_url":"https:\/\/kdhome.pl\/de\/kontakt\/","og_site_name":"KD Home","article_modified_time":"2025-12-31T03:50:05+00:00","twitter_card":"summary_large_image","schema":{"@context":"https:\/\/schema.org","@graph":[{"@type":"WebPage","@id":"https:\/\/kdhome.pl\/de\/kontakt\/","url":"https:\/\/kdhome.pl\/de\/kontakt\/","name":"Kontakt - KD Home","isPartOf":{"@id":"https:\/\/kdhome.pl\/de\/#website"},"datePublished":"2024-11-20T15:22:29+00:00","dateModified":"2025-12-31T03:50:05+00:00","breadcrumb":{"@id":"https:\/\/kdhome.pl\/de\/kontakt\/#breadcrumb"},"inLanguage":"de","potentialAction":[{"@type":"ReadAction","target":["https:\/\/kdhome.pl\/de\/kontakt\/"]}]},{"@type":"BreadcrumbList","@id":"https:\/\/kdhome.pl\/de\/kontakt\/#breadcrumb","itemListElement":[{"@type":"ListItem","position":1,"name":"KD HOME","item":"https:\/\/kdhome.pl\/de\/"},{"@type":"ListItem","position":2,"name":"Kontakt"}]},{"@type":"WebSite","@id":"https:\/\/kdhome.pl\/de\/#website","url":"https:\/\/kdhome.pl\/de\/","name":"KD Home","description":"","publisher":{"@id":"https:\/\/kdhome.pl\/de\/#organization"},"potentialAction":[{"@type":"SearchAction","target":{"@type":"EntryPoint","urlTemplate":"https:\/\/kdhome.pl\/de\/?s={search_term_string}"},"query-input":{"@type":"PropertyValueSpecification","valueRequired":true,"valueName":"search_term_string"}}],"inLanguage":"de"},{"@type":"Organization","@id":"https:\/\/kdhome.pl\/de\/#organization","name":"KD Home","url":"https:\/\/kdhome.pl\/de\/","logo":{"@type":"ImageObject","inLanguage":"de","@id":"https:\/\/kdhome.pl\/de\/#\/schema\/logo\/image\/","url":"https:\/\/kdhome.pl\/wp-content\/uploads\/2024\/11\/logo.svg","contentUrl":"https:\/\/kdhome.pl\/wp-content\/uploads\/2024\/11\/logo.svg","width":233,"height":40,"caption":"KD Home"},"image":{"@id":"https:\/\/kdhome.pl\/de\/#\/schema\/logo\/image\/"}}]}},"_links":{"self":[{"href":"https:\/\/kdhome.pl\/de\/wp-json\/wp\/v2\/pages\/19463","targetHints":{"allow":["GET"]}}],"collection":[{"href":"https:\/\/kdhome.pl\/de\/wp-json\/wp\/v2\/pages"}],"about":[{"href":"https:\/\/kdhome.pl\/de\/wp-json\/wp\/v2\/types\/page"}],"author":[{"embeddable":true,"href":"https:\/\/kdhome.pl\/de\/wp-json\/wp\/v2\/users\/1"}],"replies":[{"embeddable":true,"href":"https:\/\/kdhome.pl\/de\/wp-json\/wp\/v2\/comments?post=19463"}],"version-history":[{"count":1,"href":"https:\/\/kdhome.pl\/de\/wp-json\/wp\/v2\/pages\/19463\/revisions"}],"predecessor-version":[{"id":19495,"href":"https:\/\/kdhome.pl\/de\/wp-json\/wp\/v2\/pages\/19463\/revisions\/19495"}],"wp:attachment":[{"href":"https:\/\/kdhome.pl\/de\/wp-json\/wp\/v2\/media?parent=19463"}],"curies":[{"name":"wp","href":"https:\/\/api.w.org\/{rel}","templated":true}]}}